{"id":2891,"date":"2023-07-17T09:18:09","date_gmt":"2023-07-17T13:18:09","guid":{"rendered":"https:\/\/gmf.appwapp.com\/working-with-us\/"},"modified":"2023-08-21T09:23:01","modified_gmt":"2023-08-21T13:23:01","slug":"working-with-us","status":"publish","type":"page","link":"https:\/\/gmfinc.ca\/en\/working-with-us\/","title":{"rendered":"Working with us"},"content":{"rendered":"\n<style type=\"text\/css\" data-created_by=\"avia_inline_auto\" id=\"style-css-av-yfjgd-cc269887438e6387b0414afe674deec4\">\n.avia-section.av-yfjgd-cc269887438e6387b0414afe674deec4{\nbackground-repeat:no-repeat;\nbackground-image:url(https:\/\/gmfinc.ca\/wp-content\/uploads\/2023\/08\/gmf-image-3000x1200-min-scaled.jpg);\nbackground-position:50% 0%;\nbackground-attachment:scroll;\n}\n<\/style>\n<div id='av_section_1'  class='avia-section av-yfjgd-cc269887438e6387b0414afe674deec4 main_color avia-section-default avia-no-border-styling  avia-builder-el-0  avia-builder-el-no-sibling  avia-full-stretch avia-bg-style-scroll av-minimum-height av-minimum-height-50 av-height-50  container_wrap sidebar_right'  data-section-bg-repeat='stretch' data-av_minimum_height_pc='50' data-av_min_height_opt='50'><div class='container av-section-cont-open' ><main  role=\"main\" itemprop=\"mainContentOfPage\"  class='template-page content  av-content-small alpha units'><div class='post-entry post-entry-type-page post-entry-2891'><div class='entry-content-wrapper clearfix'>\n<div  class='flex_column av-6xhyb1-37b5db778c470625b72d724174d64303 av_two_fifth  avia-builder-el-1  el_before_av_three_fifth  avia-builder-el-first  first av-break-at-tablet flex_column_div  '     ><\/div>\n<style type=\"text\/css\" data-created_by=\"avia_inline_auto\" id=\"style-css-av-juukd-4de9a1d57da7b2404df532e61842b7e0\">\n@keyframes av_boxShadowEffect_av-juukd-4de9a1d57da7b2404df532e61842b7e0-column {\n0%   { box-shadow:  0 0 0 0 #00000059; opacity: 1; }\n100% { box-shadow:  0 0 10px 0 #00000059; opacity: 1; }\n}\n.flex_column.av-juukd-4de9a1d57da7b2404df532e61842b7e0{\nbox-shadow: 0 0 10px 0 #00000059;\npadding:5% 3% 5% 3%;\nbackground-color:#ffffff;\n}\n<\/style>\n<div  class='flex_column av-juukd-4de9a1d57da7b2404df532e61842b7e0 av_three_fifth  avia-builder-el-2  el_after_av_two_fifth  avia-builder-el-last  av-break-at-tablet flex_column_div shadow-not-animated  '     ><p>\n<style type=\"text\/css\" data-created_by=\"avia_inline_auto\" id=\"style-css-av-lk10ix17-6fef3ef5c620217984533f38d285f794\">\n#top .av-special-heading.av-lk10ix17-6fef3ef5c620217984533f38d285f794{\npadding-bottom:10px;\n}\nbody .av-special-heading.av-lk10ix17-6fef3ef5c620217984533f38d285f794 .av-special-heading-tag .heading-char{\nfont-size:25px;\n}\n.av-special-heading.av-lk10ix17-6fef3ef5c620217984533f38d285f794 .av-subheading{\nfont-size:15px;\n}\n<\/style>\n<div  class='av-special-heading av-lk10ix17-6fef3ef5c620217984533f38d285f794 av-special-heading-h1  avia-builder-el-3  el_before_av_hr  avia-builder-el-first '><h1 class='av-special-heading-tag '  itemprop=\"headline\"  >Working with us<\/h1><div class=\"special-heading-border\"><div class=\"special-heading-inner-border\"><\/div><\/div><\/div><br \/>\n\n<style type=\"text\/css\" data-created_by=\"avia_inline_auto\" id=\"style-css-av-42q3v1-a7d6ea8a2453c4a4f011a91f6327b8ca\">\n#top .hr.av-42q3v1-a7d6ea8a2453c4a4f011a91f6327b8ca{\nmargin-top:30px;\nmargin-bottom:30px;\n}\n.hr.av-42q3v1-a7d6ea8a2453c4a4f011a91f6327b8ca .hr-inner{\nwidth:85%;\nborder-color:#00907f;\n}\n<\/style>\n<div  class='hr av-42q3v1-a7d6ea8a2453c4a4f011a91f6327b8ca hr-custom  avia-builder-el-4  el_after_av_heading  el_before_av_textblock  hr-left hr-icon-no'><span class='hr-inner inner-border-av-border-fat'><span class=\"hr-inner-style\"><\/span><\/span><\/div><br \/>\n\n<style type=\"text\/css\" data-created_by=\"avia_inline_auto\" id=\"style-css-av-lk10j5qy-1d4cececd4d0e2224cc56642b189053f\">\n#top .av_textblock_section.av-lk10j5qy-1d4cececd4d0e2224cc56642b189053f .avia_textblock{\nfont-size:20px;\n}\n<\/style>\n<section  class='av_textblock_section av-lk10j5qy-1d4cececd4d0e2224cc56642b189053f '   itemscope=\"itemscope\" itemtype=\"https:\/\/schema.org\/CreativeWork\" ><div class='avia_textblock padding-soumission'  itemprop=\"text\" ><p><span style=\"font-weight: 400;\">Joining our team means becoming a part of almost a century&#8217;s worth of expertise.<\/span><\/p>\n<p><span style=\"font-weight: 400;\">Entrust your career to us.<\/span><\/p>\n<\/div><\/section><br \/>\n\n<style type=\"text\/css\" data-created_by=\"avia_inline_auto\" id=\"style-css-av-1vg0y5-6fa2ec3925500a04cc41b087a1c7e252\">\n#top .hr.hr-invisible.av-1vg0y5-6fa2ec3925500a04cc41b087a1c7e252{\nheight:30px;\n}\n<\/style>\n<div  class='hr av-1vg0y5-6fa2ec3925500a04cc41b087a1c7e252 hr-invisible  avia-builder-el-6  el_after_av_textblock  el_before_av_heading '><span class='hr-inner '><span class=\"hr-inner-style\"><\/span><\/span><\/div><br \/>\n\n<style type=\"text\/css\" data-created_by=\"avia_inline_auto\" id=\"style-css-av-lk10jcyd-b1e03bd33bb73e09a4cdb3b81aafc827\">\n#top .av-special-heading.av-lk10jcyd-b1e03bd33bb73e09a4cdb3b81aafc827{\npadding-bottom:10px;\n}\nbody .av-special-heading.av-lk10jcyd-b1e03bd33bb73e09a4cdb3b81aafc827 .av-special-heading-tag .heading-char{\nfont-size:25px;\n}\n#top #wrap_all .av-special-heading.av-lk10jcyd-b1e03bd33bb73e09a4cdb3b81aafc827 .av-special-heading-tag{\npadding:0 0 25px 0;\n}\n.av-special-heading.av-lk10jcyd-b1e03bd33bb73e09a4cdb3b81aafc827 .av-subheading{\nfont-size:15px;\n}\n<\/style>\n<div  class='av-special-heading av-lk10jcyd-b1e03bd33bb73e09a4cdb3b81aafc827 av-special-heading-h2  avia-builder-el-7  el_after_av_hr  el_before_av_textblock '><h2 class='av-special-heading-tag '  itemprop=\"headline\"  >Apply<\/h2><div class=\"special-heading-border\"><div class=\"special-heading-inner-border\"><\/div><\/div><\/div><br \/>\n<section  class='av_textblock_section av-lk10nq40-bb1c499b7e2e58edad8c72086377da9e '   itemscope=\"itemscope\" itemtype=\"https:\/\/schema.org\/CreativeWork\" ><div class='avia_textblock'  itemprop=\"text\" ><script type=\"text\/javascript\">\n\/* <![CDATA[ *\/\nvar gform;gform||(document.addEventListener(\"gform_main_scripts_loaded\",function(){gform.scriptsLoaded=!0}),document.addEventListener(\"gform\/theme\/scripts_loaded\",function(){gform.themeScriptsLoaded=!0}),window.addEventListener(\"DOMContentLoaded\",function(){gform.domLoaded=!0}),gform={domLoaded:!1,scriptsLoaded:!1,themeScriptsLoaded:!1,isFormEditor:()=>\"function\"==typeof InitializeEditor,callIfLoaded:function(o){return!(!gform.domLoaded||!gform.scriptsLoaded||!gform.themeScriptsLoaded&&!gform.isFormEditor()||(gform.isFormEditor()&&console.warn(\"The use of gform.initializeOnLoaded() is deprecated in the form editor context and will be removed in Gravity Forms 3.1.\"),o(),0))},initializeOnLoaded:function(o){gform.callIfLoaded(o)||(document.addEventListener(\"gform_main_scripts_loaded\",()=>{gform.scriptsLoaded=!0,gform.callIfLoaded(o)}),document.addEventListener(\"gform\/theme\/scripts_loaded\",()=>{gform.themeScriptsLoaded=!0,gform.callIfLoaded(o)}),window.addEventListener(\"DOMContentLoaded\",()=>{gform.domLoaded=!0,gform.callIfLoaded(o)}))},hooks:{action:{},filter:{}},addAction:function(o,r,e,t){gform.addHook(\"action\",o,r,e,t)},addFilter:function(o,r,e,t){gform.addHook(\"filter\",o,r,e,t)},doAction:function(o){gform.doHook(\"action\",o,arguments)},applyFilters:function(o){return gform.doHook(\"filter\",o,arguments)},removeAction:function(o,r){gform.removeHook(\"action\",o,r)},removeFilter:function(o,r,e){gform.removeHook(\"filter\",o,r,e)},addHook:function(o,r,e,t,n){null==gform.hooks[o][r]&&(gform.hooks[o][r]=[]);var d=gform.hooks[o][r];null==n&&(n=r+\"_\"+d.length),gform.hooks[o][r].push({tag:n,callable:e,priority:t=null==t?10:t})},doHook:function(r,o,e){var t;if(e=Array.prototype.slice.call(e,1),null!=gform.hooks[r][o]&&((o=gform.hooks[r][o]).sort(function(o,r){return o.priority-r.priority}),o.forEach(function(o){\"function\"!=typeof(t=o.callable)&&(t=window[t]),\"action\"==r?t.apply(null,e):e[0]=t.apply(null,e)})),\"filter\"==r)return e[0]},removeHook:function(o,r,t,n){var e;null!=gform.hooks[o][r]&&(e=(e=gform.hooks[o][r]).filter(function(o,r,e){return!!(null!=n&&n!=o.tag||null!=t&&t!=o.priority)}),gform.hooks[o][r]=e)}});\n\/* ]]> *\/\n<\/script>\n\n                <div class='gf_browser_gecko gform_wrapper gravity-theme gform-theme--no-framework' data-form-theme='gravity-theme' data-form-index='0' id='gform_wrapper_5' >\n                        <div class='gform_heading'>\n\t\t\t\t\t\t\t<p class='gform_required_legend'>&quot;<span class=\"gfield_required gfield_required_asterisk\">*<\/span>&quot; indicates required fields<\/p>\n                        <\/div><form method='post' enctype='multipart\/form-data'  id='gform_5'  action='\/en\/wp-json\/wp\/v2\/pages\/2891' data-formid='5' novalidate>\n                        <div class='gform-body gform_body'><div id='gform_fields_5' class='gform_fields top_label form_sublabel_below description_below validation_below'><fieldset id=\"field_5_1\" class=\"gfield gfield--type-name gfield_contains_required field_sublabel_below gfield--no-description field_description_below field_validation_below gfield_visibility_visible\"  ><legend class='gfield_label gform-field-label gfield_label_before_complex' >Your name<span class=\"gfield_required\"><span class=\"gfield_required gfield_required_asterisk\">*<\/span><\/span><\/legend><div class='ginput_complex ginput_container ginput_container--name no_prefix has_first_name no_middle_name has_last_name no_suffix gf_name_has_2 ginput_container_name gform-grid-row' id='input_5_1'>\n                            \n                            <span id='input_5_1_3_container' class='name_first gform-grid-col gform-grid-col--size-auto' >\n                                                    <input type='text' name='input_1.3' id='input_5_1_3' value=''   aria-required='true'     \/>\n                                                    <label for='input_5_1_3' class='gform-field-label gform-field-label--type-sub '>First name<\/label>\n                                                <\/span>\n                            \n                            <span id='input_5_1_6_container' class='name_last gform-grid-col gform-grid-col--size-auto' >\n                                                    <input type='text' name='input_1.6' id='input_5_1_6' value=''   aria-required='true'     \/>\n                                                    <label for='input_5_1_6' class='gform-field-label gform-field-label--type-sub '>Last name<\/label>\n                                                <\/span>\n                            \n                        <\/div><\/fieldset><div id=\"field_5_6\" class=\"gfield gfield--type-text gfield--width-full gfield_contains_required field_sublabel_below gfield--no-description field_description_below field_validation_below gfield_visibility_visible\"  ><label class='gfield_label gform-field-label' for='input_5_6'>Occupation<span class=\"gfield_required\"><span class=\"gfield_required gfield_required_asterisk\">*<\/span><\/span><\/label><div class='ginput_container ginput_container_text'><input name='input_6' id='input_5_6' type='text' value='' class='large'     aria-required=\"true\" aria-invalid=\"false\"   \/><\/div><\/div><div id=\"field_5_7\" class=\"gfield gfield--type-fileupload gfield--width-full gfield_contains_required field_sublabel_below gfield--no-description field_description_below field_validation_below gfield_visibility_visible\"  ><label class='gfield_label gform-field-label' for='input_5_7'>CV<span class=\"gfield_required\"><span class=\"gfield_required gfield_required_asterisk\">*<\/span><\/span><\/label><div class='ginput_container ginput_container_fileupload'><input type='hidden' name='MAX_FILE_SIZE' value='8388608' \/><input name='input_7' id='input_5_7' type='file' class='large' aria-describedby=\"gfield_upload_rules_5_7\" onchange='javascript:gformValidateFileSize( this, 8388608 );'  \/><span class='gfield_description gform_fileupload_rules' id='gfield_upload_rules_5_7'>Max. file size: 8 MB.<\/span><div class='gfield_description validation_message gfield_validation_message validation_message--hidden-on-empty' id='live_validation_message_5_7'><\/div> <\/div><\/div><div id=\"field_5_5\" class=\"gfield gfield--type-textarea gfield--width-full gfield_contains_required field_sublabel_below gfield--no-description field_description_below field_validation_below gfield_visibility_visible\"  ><label class='gfield_label gform-field-label' for='input_5_5'>Message<span class=\"gfield_required\"><span class=\"gfield_required gfield_required_asterisk\">*<\/span><\/span><\/label><div class='ginput_container ginput_container_textarea'><textarea name='input_5' id='input_5_5' class='textarea medium'     aria-required=\"true\" aria-invalid=\"false\"   rows='10' cols='50'><\/textarea><\/div><\/div><\/div><\/div>\n        <div class='gform-footer gform_footer top_label'> <input type='submit' id='gform_submit_button_5' class='gform_button button' onclick='gform.submission.handleButtonClick(this);' data-submission-type='submit' value='Apply'  \/> \n            <input type='hidden' class='gform_hidden' name='gform_submission_method' data-js='gform_submission_method_5' value='postback' \/>\n            <input type='hidden' class='gform_hidden' name='gform_theme' data-js='gform_theme_5' id='gform_theme_5' value='gravity-theme' \/>\n            <input type='hidden' class='gform_hidden' name='gform_style_settings' data-js='gform_style_settings_5' id='gform_style_settings_5' value='[]' \/>\n            <input type='hidden' class='gform_hidden' name='is_submit_5' value='1' \/>\n            <input type='hidden' class='gform_hidden' name='gform_submit' value='5' \/>\n            \n            <input type='hidden' class='gform_hidden' name='gform_currency' data-currency='CAD' value='rJ8je9x+To5AbMK8C4TpyRwSYPBuN7xWNsnPv01Ebl+486m1oMPJnUPiTp5BCe2nBjq+IdzbFVZeVOvPQcpd3ahy5p2ExsI5+vfrwH5jkc69rSc=' \/>\n            <input type='hidden' class='gform_hidden' name='gform_unique_id' value='' \/>\n            <input type='hidden' class='gform_hidden' name='state_5' value='WyJbXSIsIjRkMDM2MzI2MGM2OWU4NmMyYWRiMDdlYWU5NWRlMzViIl0=' \/>\n            <input type='hidden' autocomplete='off' class='gform_hidden' name='gform_target_page_number_5' id='gform_target_page_number_5' value='0' \/>\n            <input type='hidden' autocomplete='off' class='gform_hidden' name='gform_source_page_number_5' id='gform_source_page_number_5' value='1' \/>\n            <input type='hidden' name='gform_field_values' value='' \/>\n            \n        <\/div>\n                        <p style=\"display: none !important;\" class=\"akismet-fields-container\" data-prefix=\"ak_\"><label>&#916;<textarea name=\"ak_hp_textarea\" cols=\"45\" rows=\"8\" maxlength=\"100\"><\/textarea><\/label><input type=\"hidden\" id=\"ak_js_1\" name=\"ak_js\" value=\"16\"\/><script>document.getElementById( \"ak_js_1\" ).setAttribute( \"value\", ( new Date() ).getTime() );<\/script><\/p><\/form>\n                        <\/div><script type=\"text\/javascript\">\n\/* <![CDATA[ *\/\n gform.initializeOnLoaded( function() {gformInitSpinner( 5, 'https:\/\/gmfinc.ca\/wp-content\/plugins\/gravityforms\/images\/spinner.svg', true );jQuery('#gform_ajax_frame_5').on('load',function(){var contents = jQuery(this).contents().find('*').html();var is_postback = contents.indexOf('GF_AJAX_POSTBACK') >= 0;if(!is_postback){return;}var form_content = jQuery(this).contents().find('#gform_wrapper_5');var is_confirmation = jQuery(this).contents().find('#gform_confirmation_wrapper_5').length > 0;var is_redirect = contents.indexOf('gformRedirect(){') >= 0;var is_form = form_content.length > 0 && ! is_redirect && ! is_confirmation;var mt = parseInt(jQuery('html').css('margin-top'), 10) + parseInt(jQuery('body').css('margin-top'), 10) + 100;if(is_form){jQuery('#gform_wrapper_5').html(form_content.html());if(form_content.hasClass('gform_validation_error')){jQuery('#gform_wrapper_5').addClass('gform_validation_error');} else {jQuery('#gform_wrapper_5').removeClass('gform_validation_error');}setTimeout( function() { \/* delay the scroll by 50 milliseconds to fix a bug in chrome *\/  }, 50 );if(window['gformInitDatepicker']) {gformInitDatepicker();}if(window['gformInitPriceFields']) {gformInitPriceFields();}var current_page = jQuery('#gform_source_page_number_5').val();gformInitSpinner( 5, 'https:\/\/gmfinc.ca\/wp-content\/plugins\/gravityforms\/images\/spinner.svg', true );jQuery(document).trigger('gform_page_loaded', [5, current_page]);window['gf_submitting_5'] = false;}else if(!is_redirect){var confirmation_content = jQuery(this).contents().find('.GF_AJAX_POSTBACK').html();if(!confirmation_content){confirmation_content = contents;}jQuery('#gform_wrapper_5').replaceWith(confirmation_content);jQuery(document).trigger('gform_confirmation_loaded', [5]);window['gf_submitting_5'] = false;wp.a11y.speak(jQuery('#gform_confirmation_message_5').text());}else{jQuery('#gform_5').append(contents);if(window['gformRedirect']) {gformRedirect();}}jQuery(document).trigger(\"gform_pre_post_render\", [{ formId: \"5\", currentPage: \"current_page\", abort: function() { this.preventDefault(); } }]);        if (event && event.defaultPrevented) {                return;        }        const gformWrapperDiv = document.getElementById( \"gform_wrapper_5\" );        if ( gformWrapperDiv ) {            const visibilitySpan = document.createElement( \"span\" );            visibilitySpan.id = \"gform_visibility_test_5\";            gformWrapperDiv.insertAdjacentElement( \"afterend\", visibilitySpan );        }        const visibilityTestDiv = document.getElementById( \"gform_visibility_test_5\" );        let postRenderFired = false;        function triggerPostRender() {            if ( postRenderFired ) {                return;            }            postRenderFired = true;            gform.core.triggerPostRenderEvents( 5, current_page );            if ( visibilityTestDiv ) {                visibilityTestDiv.parentNode.removeChild( visibilityTestDiv );            }        }        function debounce( func, wait, immediate ) {            var timeout;            return function() {                var context = this, args = arguments;                var later = function() {                    timeout = null;                    if ( !immediate ) func.apply( context, args );                };                var callNow = immediate && !timeout;                clearTimeout( timeout );                timeout = setTimeout( later, wait );                if ( callNow ) func.apply( context, args );            };        }        const debouncedTriggerPostRender = debounce( function() {            triggerPostRender();        }, 200 );        if ( visibilityTestDiv && visibilityTestDiv.offsetParent === null ) {            const observer = new MutationObserver( ( mutations ) => {                mutations.forEach( ( mutation ) => {                    if ( mutation.type === 'attributes' && visibilityTestDiv.offsetParent !== null ) {                        debouncedTriggerPostRender();                        observer.disconnect();                    }                });            });            observer.observe( document.body, {                attributes: true,                childList: false,                subtree: true,                attributeFilter: [ 'style', 'class' ],            });        } else {            triggerPostRender();        }    } );} ); \n\/* ]]> *\/\n<\/script>\n\n<\/div><\/section><\/p><\/div>\n<\/div><\/div><\/main><!-- close content main element --><\/div><\/div><div id='after_section_1'  class='main_color av_default_container_wrap container_wrap sidebar_right'  ><div class='container av-section-cont-open' ><div class='template-page content  av-content-small alpha units'><div class='post-entry post-entry-type-page post-entry-2891'><div class='entry-content-wrapper clearfix'>\n","protected":false},"excerpt":{"rendered":"","protected":false},"author":3,"featured_media":0,"parent":0,"menu_order":0,"comment_status":"closed","ping_status":"closed","template":"","meta":{"footnotes":""},"class_list":["post-2891","page","type-page","status-publish","hentry"],"yoast_head":"<!-- This site is optimized with the Yoast SEO plugin v27.4 - https:\/\/yoast.com\/product\/yoast-seo-wordpress\/ -->\n<title>Working with us - Gaston mercier &amp; Fils<\/title>\n<meta name=\"robots\" content=\"index, follow, max-snippet:-1, max-image-preview:large, max-video-preview:-1\" \/>\n<link rel=\"canonical\" href=\"https:\/\/gmfinc.ca\/en\/working-with-us\/\" \/>\n<meta property=\"og:locale\" content=\"en_US\" \/>\n<meta property=\"og:type\" content=\"article\" \/>\n<meta property=\"og:title\" content=\"Working with us - Gaston mercier &amp; Fils\" \/>\n<meta property=\"og:url\" content=\"https:\/\/gmfinc.ca\/en\/working-with-us\/\" \/>\n<meta property=\"og:site_name\" content=\"Gaston mercier &amp; Fils\" \/>\n<meta property=\"article:modified_time\" content=\"2023-08-21T13:23:01+00:00\" \/>\n<meta name=\"twitter:card\" content=\"summary_large_image\" \/>\n<meta name=\"twitter:label1\" content=\"Est. reading time\" \/>\n\t<meta name=\"twitter:data1\" content=\"4 minutes\" \/>\n<script type=\"application\/ld+json\" class=\"yoast-schema-graph\">{\"@context\":\"https:\\\/\\\/schema.org\",\"@graph\":[{\"@type\":\"WebPage\",\"@id\":\"https:\\\/\\\/gmfinc.ca\\\/en\\\/working-with-us\\\/\",\"url\":\"https:\\\/\\\/gmfinc.ca\\\/en\\\/working-with-us\\\/\",\"name\":\"Working with us - Gaston mercier &amp; Fils\",\"isPartOf\":{\"@id\":\"https:\\\/\\\/gmfinc.ca\\\/en\\\/#website\"},\"datePublished\":\"2023-07-17T13:18:09+00:00\",\"dateModified\":\"2023-08-21T13:23:01+00:00\",\"breadcrumb\":{\"@id\":\"https:\\\/\\\/gmfinc.ca\\\/en\\\/working-with-us\\\/#breadcrumb\"},\"inLanguage\":\"en-US\",\"potentialAction\":[{\"@type\":\"ReadAction\",\"target\":[\"https:\\\/\\\/gmfinc.ca\\\/en\\\/working-with-us\\\/\"]}]},{\"@type\":\"BreadcrumbList\",\"@id\":\"https:\\\/\\\/gmfinc.ca\\\/en\\\/working-with-us\\\/#breadcrumb\",\"itemListElement\":[{\"@type\":\"ListItem\",\"position\":1,\"name\":\"Accueil\",\"item\":\"https:\\\/\\\/gmfinc.ca\\\/en\\\/home\\\/\"},{\"@type\":\"ListItem\",\"position\":2,\"name\":\"Working with us\"}]},{\"@type\":\"WebSite\",\"@id\":\"https:\\\/\\\/gmfinc.ca\\\/en\\\/#website\",\"url\":\"https:\\\/\\\/gmfinc.ca\\\/en\\\/\",\"name\":\"Gaston mercier &amp; Fils\",\"description\":\"\u00c9lectricit\u00e9 | T\u00e9l\u00e9communication | Thermographie | Transport\",\"publisher\":{\"@id\":\"https:\\\/\\\/gmfinc.ca\\\/en\\\/#organization\"},\"potentialAction\":[{\"@type\":\"SearchAction\",\"target\":{\"@type\":\"EntryPoint\",\"urlTemplate\":\"https:\\\/\\\/gmfinc.ca\\\/en\\\/?s={search_term_string}\"},\"query-input\":{\"@type\":\"PropertyValueSpecification\",\"valueRequired\":true,\"valueName\":\"search_term_string\"}}],\"inLanguage\":\"en-US\"},{\"@type\":\"Organization\",\"@id\":\"https:\\\/\\\/gmfinc.ca\\\/en\\\/#organization\",\"name\":\"Gaston mercier &amp; Fils\",\"url\":\"https:\\\/\\\/gmfinc.ca\\\/en\\\/\",\"logo\":{\"@type\":\"ImageObject\",\"inLanguage\":\"en-US\",\"@id\":\"https:\\\/\\\/gmfinc.ca\\\/en\\\/#\\\/schema\\\/logo\\\/image\\\/\",\"url\":\"https:\\\/\\\/gmfinc.ca\\\/wp-content\\\/uploads\\\/2021\\\/11\\\/logoGMF.png\",\"contentUrl\":\"https:\\\/\\\/gmfinc.ca\\\/wp-content\\\/uploads\\\/2021\\\/11\\\/logoGMF.png\",\"width\":600,\"height\":262,\"caption\":\"Gaston mercier &amp; Fils\"},\"image\":{\"@id\":\"https:\\\/\\\/gmfinc.ca\\\/en\\\/#\\\/schema\\\/logo\\\/image\\\/\"}}]}<\/script>\n<!-- \/ Yoast SEO plugin. -->","yoast_head_json":{"title":"Working with us - Gaston mercier &amp; Fils","robots":{"index":"index","follow":"follow","max-snippet":"max-snippet:-1","max-image-preview":"max-image-preview:large","max-video-preview":"max-video-preview:-1"},"canonical":"https:\/\/gmfinc.ca\/en\/working-with-us\/","og_locale":"en_US","og_type":"article","og_title":"Working with us - Gaston mercier &amp; Fils","og_url":"https:\/\/gmfinc.ca\/en\/working-with-us\/","og_site_name":"Gaston mercier &amp; Fils","article_modified_time":"2023-08-21T13:23:01+00:00","twitter_card":"summary_large_image","twitter_misc":{"Est. reading time":"4 minutes"},"schema":{"@context":"https:\/\/schema.org","@graph":[{"@type":"WebPage","@id":"https:\/\/gmfinc.ca\/en\/working-with-us\/","url":"https:\/\/gmfinc.ca\/en\/working-with-us\/","name":"Working with us - Gaston mercier &amp; Fils","isPartOf":{"@id":"https:\/\/gmfinc.ca\/en\/#website"},"datePublished":"2023-07-17T13:18:09+00:00","dateModified":"2023-08-21T13:23:01+00:00","breadcrumb":{"@id":"https:\/\/gmfinc.ca\/en\/working-with-us\/#breadcrumb"},"inLanguage":"en-US","potentialAction":[{"@type":"ReadAction","target":["https:\/\/gmfinc.ca\/en\/working-with-us\/"]}]},{"@type":"BreadcrumbList","@id":"https:\/\/gmfinc.ca\/en\/working-with-us\/#breadcrumb","itemListElement":[{"@type":"ListItem","position":1,"name":"Accueil","item":"https:\/\/gmfinc.ca\/en\/home\/"},{"@type":"ListItem","position":2,"name":"Working with us"}]},{"@type":"WebSite","@id":"https:\/\/gmfinc.ca\/en\/#website","url":"https:\/\/gmfinc.ca\/en\/","name":"Gaston mercier &amp; Fils","description":"\u00c9lectricit\u00e9 | T\u00e9l\u00e9communication | Thermographie | Transport","publisher":{"@id":"https:\/\/gmfinc.ca\/en\/#organization"},"potentialAction":[{"@type":"SearchAction","target":{"@type":"EntryPoint","urlTemplate":"https:\/\/gmfinc.ca\/en\/?s={search_term_string}"},"query-input":{"@type":"PropertyValueSpecification","valueRequired":true,"valueName":"search_term_string"}}],"inLanguage":"en-US"},{"@type":"Organization","@id":"https:\/\/gmfinc.ca\/en\/#organization","name":"Gaston mercier &amp; Fils","url":"https:\/\/gmfinc.ca\/en\/","logo":{"@type":"ImageObject","inLanguage":"en-US","@id":"https:\/\/gmfinc.ca\/en\/#\/schema\/logo\/image\/","url":"https:\/\/gmfinc.ca\/wp-content\/uploads\/2021\/11\/logoGMF.png","contentUrl":"https:\/\/gmfinc.ca\/wp-content\/uploads\/2021\/11\/logoGMF.png","width":600,"height":262,"caption":"Gaston mercier &amp; Fils"},"image":{"@id":"https:\/\/gmfinc.ca\/en\/#\/schema\/logo\/image\/"}}]}},"_links":{"self":[{"href":"https:\/\/gmfinc.ca\/en\/wp-json\/wp\/v2\/pages\/2891","targetHints":{"allow":["GET"]}}],"collection":[{"href":"https:\/\/gmfinc.ca\/en\/wp-json\/wp\/v2\/pages"}],"about":[{"href":"https:\/\/gmfinc.ca\/en\/wp-json\/wp\/v2\/types\/page"}],"author":[{"embeddable":true,"href":"https:\/\/gmfinc.ca\/en\/wp-json\/wp\/v2\/users\/3"}],"replies":[{"embeddable":true,"href":"https:\/\/gmfinc.ca\/en\/wp-json\/wp\/v2\/comments?post=2891"}],"version-history":[{"count":5,"href":"https:\/\/gmfinc.ca\/en\/wp-json\/wp\/v2\/pages\/2891\/revisions"}],"predecessor-version":[{"id":3195,"href":"https:\/\/gmfinc.ca\/en\/wp-json\/wp\/v2\/pages\/2891\/revisions\/3195"}],"wp:attachment":[{"href":"https:\/\/gmfinc.ca\/en\/wp-json\/wp\/v2\/media?parent=2891"}],"curies":[{"name":"wp","href":"https:\/\/api.w.org\/{rel}","templated":true}]}}