{"id":2885,"date":"2023-07-17T09:16:53","date_gmt":"2023-07-17T13:16:53","guid":{"rendered":"https:\/\/gmf.appwapp.com\/transport\/"},"modified":"2023-07-18T09:44:28","modified_gmt":"2023-07-18T13:44:28","slug":"transport","status":"publish","type":"page","link":"https:\/\/gmfinc.ca\/en\/transport\/","title":{"rendered":"Transport"},"content":{"rendered":"\n<style type=\"text\/css\" data-created_by=\"avia_inline_auto\" id=\"style-css-av-lk1n8yar-f3d0e33d4c3aa50637a2c2d4f0c7b1b3\">\n.avia-section.av-lk1n8yar-f3d0e33d4c3aa50637a2c2d4f0c7b1b3{\nbackground-repeat:no-repeat;\nbackground-image:url(https:\/\/gmfinc.ca\/wp-content\/uploads\/2023\/07\/banniere-Transport-2.jpg);\nbackground-position:100% 0%;\nbackground-attachment:scroll;\n}\n<\/style>\n<div id='av_section_1'  class='avia-section av-lk1n8yar-f3d0e33d4c3aa50637a2c2d4f0c7b1b3 main_color avia-section-default avia-no-border-styling  avia-builder-el-0  el_before_av_section  avia-builder-el-first  avia-bg-style-scroll av-minimum-height av-minimum-height-75 av-height-75  container_wrap sidebar_right'  data-section-bg-repeat='no-repeat' data-av_minimum_height_pc='75' data-av_min_height_opt='75'><div class='container av-section-cont-open' ><main  role=\"main\" itemprop=\"mainContentOfPage\"  class='template-page content  av-content-small alpha units'><div class='post-entry post-entry-type-page post-entry-2885'><div class='entry-content-wrapper clearfix'>\n\n<style type=\"text\/css\" data-created_by=\"avia_inline_auto\" id=\"style-css-av-lk1niqmt-4d97d7d4da31d70d8d980d933f31833c\">\n#top .hr.hr-invisible.av-lk1niqmt-4d97d7d4da31d70d8d980d933f31833c{\nheight:500px;\n}\n<\/style>\n<div  class='hr av-lk1niqmt-4d97d7d4da31d70d8d980d933f31833c hr-invisible  avia-builder-el-1  el_before_av_four_fifth  avia-builder-el-first  av-desktop-hide'><span class='hr-inner '><span class=\"hr-inner-style\"><\/span><\/span><\/div>\n\n<style type=\"text\/css\" data-created_by=\"avia_inline_auto\" id=\"style-css-av-lk1nha88-580007c73d6e571a62e1baa045be3904\">\n.flex_column.av-lk1nha88-580007c73d6e571a62e1baa045be3904{\nborder-width:1px;\nborder-color:#020f28;\nborder-style:hidden;\nborder-radius:0 0 30px 0;\npadding:5% 5% 5% 5%;\nbackground-color:#020f28;\n}\n<\/style>\n<div  class='flex_column av-lk1nha88-580007c73d6e571a62e1baa045be3904 av_four_fifth  avia-builder-el-2  el_after_av_hr  avia-builder-el-last  first av-break-at-tablet flex_column_div av-animated-generic fade-in  '     ><p>\n<style type=\"text\/css\" data-created_by=\"avia_inline_auto\" id=\"style-css-av-lk1n7ss8-35876bbb936ec24b0ac80b965d6dd181\">\n#top .av-special-heading.av-lk1n7ss8-35876bbb936ec24b0ac80b965d6dd181{\npadding-bottom:0;\ncolor:#ffffff;\n}\nbody .av-special-heading.av-lk1n7ss8-35876bbb936ec24b0ac80b965d6dd181 .av-special-heading-tag .heading-char{\nfont-size:25px;\n}\n.av-special-heading.av-lk1n7ss8-35876bbb936ec24b0ac80b965d6dd181 .special-heading-inner-border{\nborder-color:#ffffff;\n}\n.av-special-heading.av-lk1n7ss8-35876bbb936ec24b0ac80b965d6dd181 .av-subheading{\nfont-size:15px;\n}\n<\/style>\n<div  id=\"title-page\"  class='av-special-heading av-lk1n7ss8-35876bbb936ec24b0ac80b965d6dd181 av-special-heading-h1 custom-color-heading blockquote modern-quote  avia-builder-el-3  el_before_av_hr  avia-builder-el-first '><div class='av_custom_color av-subheading av-subheading_above'><p>Service<\/p>\n<\/div><h1 class='av-special-heading-tag '  itemprop=\"headline\"  >Equipment transportation<\/h1><div class=\"special-heading-border\"><div class=\"special-heading-inner-border\"><\/div><\/div><\/div><br \/>\n\n<style type=\"text\/css\" data-created_by=\"avia_inline_auto\" id=\"style-css-av-2meynu-135b8d52c3488df42afc511b08c8b41c\">\n#top .hr.av-2meynu-135b8d52c3488df42afc511b08c8b41c{\nmargin-top:10px;\nmargin-bottom:10px;\n}\n.hr.av-2meynu-135b8d52c3488df42afc511b08c8b41c .hr-inner{\nwidth:100%;\nborder-color:#00907f;\n}\n<\/style>\n<div  class='hr av-2meynu-135b8d52c3488df42afc511b08c8b41c hr-custom  avia-builder-el-4  el_after_av_heading  el_before_av_textblock  hr-left hr-icon-no'><span class='hr-inner inner-border-av-border-fat'><span class=\"hr-inner-style\"><\/span><\/span><\/div><br \/>\n\n<style type=\"text\/css\" data-created_by=\"avia_inline_auto\" id=\"style-css-av-lk1n8g4g-bc0baf8233423846a2c3ce923b147110\">\n#top .av_textblock_section.av-lk1n8g4g-bc0baf8233423846a2c3ce923b147110 .avia_textblock{\ncolor:#ffffff;\n}\n<\/style>\n<section  class='av_textblock_section av-lk1n8g4g-bc0baf8233423846a2c3ce923b147110 '   itemscope=\"itemscope\" itemtype=\"https:\/\/schema.org\/CreativeWork\" ><div class='avia_textblock av_inherit_color'  itemprop=\"text\" ><p><span style=\"font-weight: 400;\">With GMF, it rolls!<\/span><\/p>\n<\/div><\/section><\/p><\/div><\/div><\/div><\/main><!-- close content main element --><\/div><\/div>\n<style type=\"text\/css\" data-created_by=\"avia_inline_auto\" id=\"style-css-av-mi0a2i-e3d5824bd84100c06e45dfe0489616a8\">\n.avia-section.av-mi0a2i-e3d5824bd84100c06e45dfe0489616a8{\nbackground-repeat:no-repeat;\nbackground-image:url(https:\/\/gmfinc.ca\/wp-content\/uploads\/2023\/07\/logo-GMF-fonce-avec-padding.png);\nbackground-position:100% 100%;\nbackground-attachment:scroll;\n}\n<\/style>\n<div id='av_section_2'  class='avia-section av-mi0a2i-e3d5824bd84100c06e45dfe0489616a8 main_color avia-section-huge avia-no-border-styling  avia-builder-el-6  el_after_av_section  el_before_av_one_full  avia-full-contain avia-bg-style-scroll container_wrap sidebar_right'  data-section-bg-repeat='contain'><div class='container av-section-cont-open' ><div class='template-page content  av-content-small alpha units'><div class='post-entry post-entry-type-page post-entry-2885'><div class='entry-content-wrapper clearfix'>\n\n<style type=\"text\/css\" data-created_by=\"avia_inline_auto\" id=\"style-css-av-lk1namci-79a9bdb9dffbe3977f55c8aa3fbc2fa5\">\n#top .flex_column.av-lk1namci-79a9bdb9dffbe3977f55c8aa3fbc2fa5{\nmargin-top:20px;\nmargin-bottom:0px;\n}\n.responsive #top #wrap_all .flex_column.av-lk1namci-79a9bdb9dffbe3977f55c8aa3fbc2fa5{\nmargin-top:20px;\nmargin-bottom:0px;\n}\n\n@media only screen and (min-width: 990px){ \n.flex_column.av-lk1namci-79a9bdb9dffbe3977f55c8aa3fbc2fa5{\npadding:0 25% 0 0;\n}\n}\n<\/style>\n<div  class='flex_column av-lk1namci-79a9bdb9dffbe3977f55c8aa3fbc2fa5 av_one_full  avia-builder-el-7  el_before_av_one_half  avia-builder-el-first  first flex_column_div  '     ><p>\n<style type=\"text\/css\" data-created_by=\"avia_inline_auto\" id=\"style-css-av-lk1n9x9b-10e41f09baad65f81e9b869f792170ab\">\n#top .av-special-heading.av-lk1n9x9b-10e41f09baad65f81e9b869f792170ab{\npadding-bottom:10px;\n}\nbody .av-special-heading.av-lk1n9x9b-10e41f09baad65f81e9b869f792170ab .av-special-heading-tag .heading-char{\nfont-size:25px;\n}\n.av-special-heading.av-lk1n9x9b-10e41f09baad65f81e9b869f792170ab .av-subheading{\nfont-size:15px;\n}\n<\/style>\n<div  class='av-special-heading av-lk1n9x9b-10e41f09baad65f81e9b869f792170ab av-special-heading-h2 blockquote modern-quote  avia-builder-el-8  el_before_av_hr  avia-builder-el-first '><h2 class='av-special-heading-tag '  itemprop=\"headline\"  >The transportation of these items is carried out with the utmost respect for your belongings, with meticulous care. We handle everything with caution to ensure a safe move.<\/h2><div class=\"special-heading-border\"><div class=\"special-heading-inner-border\"><\/div><\/div><\/div><br \/>\n\n<style type=\"text\/css\" data-created_by=\"avia_inline_auto\" id=\"style-css-av-lk1na6ct-5244b70ed9d17bb6687536b15143a59d\">\n#top .hr.av-lk1na6ct-5244b70ed9d17bb6687536b15143a59d{\nmargin-top:30px;\nmargin-bottom:30px;\n}\n.hr.av-lk1na6ct-5244b70ed9d17bb6687536b15143a59d .hr-inner{\nwidth:85%;\nborder-color:#00907f;\n}\n<\/style>\n<div  class='hr av-lk1na6ct-5244b70ed9d17bb6687536b15143a59d hr-custom  avia-builder-el-9  el_after_av_heading  avia-builder-el-last  hr-left hr-icon-no'><span class='hr-inner inner-border-av-border-fat'><span class=\"hr-inner-style\"><\/span><\/span><\/div><\/p><\/div><div class='flex_column_table av-lk1nen74-a4a06c93aedb8b05b056630f245cfaec sc-av_one_half av-break-at-tablet-flextable av-equal-height-column-flextable'><div  class='flex_column av-lk1nen74-a4a06c93aedb8b05b056630f245cfaec av_one_half  avia-builder-el-10  el_after_av_one_full  el_before_av_one_half  first av-break-at-tablet flex_column_table_cell av-equal-height-column av-align-middle av-animated-generic bottom-to-top  column-top-margin'     ><style type=\"text\/css\" data-created_by=\"avia_inline_auto\" id=\"style-css-av-lk1ne550-9553102fdaa8a7b1740962635f433065\">\n#top .av_textblock_section.av-lk1ne550-9553102fdaa8a7b1740962635f433065 .avia_textblock{\nfont-size:20px;\n}\n<\/style>\n<section  class='av_textblock_section av-lk1ne550-9553102fdaa8a7b1740962635f433065 '   itemscope=\"itemscope\" itemtype=\"https:\/\/schema.org\/CreativeWork\" ><div class='avia_textblock bloc-text-img-flex'  itemprop=\"text\" ><p><img loading=\"lazy\" decoding=\"async\" class=\"alignnone wp-image-2411 size-medium\" src=\"https:\/\/gmfinc.ca\/wp-content\/uploads\/2023\/07\/icone_transport-300x202.png\" alt=\"\" width=\"300\" height=\"202\" srcset=\"https:\/\/gmfinc.ca\/wp-content\/uploads\/2023\/07\/icone_transport-300x202.png 300w, https:\/\/gmfinc.ca\/wp-content\/uploads\/2023\/07\/icone_transport.png 679w\" sizes=\"auto, (max-width: 300px) 100vw, 300px\" \/><\/p>\n<p><span style=\"font-weight: 400;\">The transportation and handling of computer equipment<\/span><\/p>\n<\/div><\/section><\/div><div class='av-flex-placeholder'><\/div><div  class='flex_column av-39c5ga-dd82a2527a56dcf88d07d21ebafa48a0 av_one_half  avia-builder-el-12  el_after_av_one_half  avia-builder-el-last  av-break-at-tablet flex_column_table_cell av-equal-height-column av-align-middle av-animated-generic bottom-to-top  column-top-margin'     ><style type=\"text\/css\" data-created_by=\"avia_inline_auto\" id=\"style-css-av-lk1nejer-8987570b55628dc45308cc1dfb365b6f\">\n#top .av_textblock_section.av-lk1nejer-8987570b55628dc45308cc1dfb365b6f .avia_textblock{\nfont-size:20px;\n}\n<\/style>\n<section  class='av_textblock_section av-lk1nejer-8987570b55628dc45308cc1dfb365b6f '   itemscope=\"itemscope\" itemtype=\"https:\/\/schema.org\/CreativeWork\" ><div class='avia_textblock bloc-text-img-flex'  itemprop=\"text\" ><p><img loading=\"lazy\" decoding=\"async\" class=\"alignnone wp-image-2463 size-medium\" src=\"https:\/\/gmfinc.ca\/wp-content\/uploads\/2023\/07\/demenagement-300x300.png\" alt=\"\" width=\"300\" height=\"300\" srcset=\"https:\/\/gmfinc.ca\/wp-content\/uploads\/2023\/07\/demenagement-300x300.png 300w, https:\/\/gmfinc.ca\/wp-content\/uploads\/2023\/07\/demenagement-80x80.png 80w, https:\/\/gmfinc.ca\/wp-content\/uploads\/2023\/07\/demenagement-36x36.png 36w, https:\/\/gmfinc.ca\/wp-content\/uploads\/2023\/07\/demenagement-180x180.png 180w, https:\/\/gmfinc.ca\/wp-content\/uploads\/2023\/07\/demenagement.png 512w\" sizes=\"auto, (max-width: 300px) 100vw, 300px\" \/><\/p>\n<p><span style=\"font-weight: 400;\">Safe relocation of telecommunication equipment<\/span><\/p>\n<\/div><\/section><\/div><\/div><!--close column table wrapper. Autoclose: 1 -->\n<\/div><\/div><\/div><!-- close content main div --><\/div><\/div><div id='after_section_2'  class='main_color av_default_container_wrap container_wrap sidebar_right'  ><div class='container av-section-cont-open' ><div class='template-page content  av-content-small alpha units'><div class='post-entry post-entry-type-page post-entry-2885'><div class='entry-content-wrapper clearfix'><\/p>\n<div  class='flex_column av-bdlube-cdef19b92e9a05b10b5fadf4ec3ab102 av_one_full  avia-builder-el-14  el_after_av_section  el_before_av_section  avia-builder-el-no-sibling  first flex_column_div  '     ><style type=\"text\/css\" data-created_by=\"avia_inline_auto\" id=\"style-css-av-lk1nccz3-8fc3eacccac0e5f4b91ba9ed714da89d\">\n.avia-image-container.av-lk1nccz3-8fc3eacccac0e5f4b91ba9ed714da89d img.avia_image{\nbox-shadow:none;\n}\n.avia-image-container.av-lk1nccz3-8fc3eacccac0e5f4b91ba9ed714da89d .av-image-caption-overlay-center{\ncolor:#ffffff;\n}\n<\/style>\n<div  class='avia-image-container av-lk1nccz3-8fc3eacccac0e5f4b91ba9ed714da89d av-styling- avia-align-center  avia-builder-el-15  avia-builder-el-no-sibling '   itemprop=\"image\" itemscope=\"itemscope\" itemtype=\"https:\/\/schema.org\/ImageObject\" ><div class=\"avia-image-container-inner\"><div class=\"avia-image-overlay-wrap\"><img decoding=\"async\" fetchpriority=\"high\" class='wp-image-2662 avia-img-lazy-loading-not-2662 avia_image ' src=\"https:\/\/gmfinc.ca\/wp-content\/uploads\/2023\/07\/Transport-Edifice-GMF-et-camion.jpg\" alt='' title='Transport - \u00c9difice GMF et camion'  height=\"1332\" width=\"2000\"  itemprop=\"thumbnailUrl\" srcset=\"https:\/\/gmfinc.ca\/wp-content\/uploads\/2023\/07\/Transport-Edifice-GMF-et-camion.jpg 2000w, https:\/\/gmfinc.ca\/wp-content\/uploads\/2023\/07\/Transport-Edifice-GMF-et-camion-300x200.jpg 300w, https:\/\/gmfinc.ca\/wp-content\/uploads\/2023\/07\/Transport-Edifice-GMF-et-camion-1030x686.jpg 1030w, https:\/\/gmfinc.ca\/wp-content\/uploads\/2023\/07\/Transport-Edifice-GMF-et-camion-768x511.jpg 768w, https:\/\/gmfinc.ca\/wp-content\/uploads\/2023\/07\/Transport-Edifice-GMF-et-camion-1536x1023.jpg 1536w, https:\/\/gmfinc.ca\/wp-content\/uploads\/2023\/07\/Transport-Edifice-GMF-et-camion-1500x999.jpg 1500w, https:\/\/gmfinc.ca\/wp-content\/uploads\/2023\/07\/Transport-Edifice-GMF-et-camion-705x470.jpg 705w\" sizes=\"(max-width: 2000px) 100vw, 2000px\" \/><\/div><\/div><\/div><\/div>\n<\/div><\/div><\/div><!-- close content main div --><\/div><\/div><div id='av_section_3'  class='avia-section av-av_section-654b1c7705265415fbff3f4ed6a2a9e7 main_color avia-section-default avia-no-border-styling  avia-builder-el-16  el_after_av_one_full  avia-builder-el-last  avia-bg-style-scroll container_wrap sidebar_right'  ><div class='container av-section-cont-open' ><div class='template-page content  av-content-small alpha units'><div class='post-entry post-entry-type-page post-entry-2885'><div class='entry-content-wrapper clearfix'>\n\n<style type=\"text\/css\" data-created_by=\"avia_inline_auto\" id=\"style-css-av-av_one_half-d097bb3163edae6d6d3c39da6bf531b9\">\n.flex_column.av-av_one_half-d097bb3163edae6d6d3c39da6bf531b9{\nwidth:49%;\n}\n<\/style>\n<div  class='flex_column av-av_one_half-d097bb3163edae6d6d3c39da6bf531b9 av_one_half  avia-builder-el-17  el_before_av_one_half  avia-builder-el-first  first av-break-at-tablet flex_column_div av-animated-generic bottom-to-top  '     ><div  class='avia-button-wrap avia-button-center  avia-builder-el-18  avia-builder-el-no-sibling  semi-bold-text pad-fullWidth-btn'>\n<style type=\"text\/css\" data-created_by=\"avia_inline_auto\" id=\"style-css-av-lk85a9um-e458ef89a27a0688a69506242562bb93\">\n#top #wrap_all .avia-button.av-lk85a9um-e458ef89a27a0688a69506242562bb93{\nbackground-color: #022582;\nborder-color: #022582;\ntransition:all 0.4s ease-in-out;\nfont-size:30px;\npadding:8% 0 8% 0;\n}\n#top #wrap_all .avia-button.av-lk85a9um-e458ef89a27a0688a69506242562bb93:hover{\ncolor:white;\nopacity:0.9;\ntransition:all 0.4s ease-in-out;\n}\n#top #wrap_all .avia-button.av-lk85a9um-e458ef89a27a0688a69506242562bb93:hover .avia-svg-icon svg:first-child{\nfill:white;\nstroke:white;\n}\n<\/style>\n<a href='https:\/\/gmfinc.ca\/en\/request-a-quote\/' class='avia-font-color-theme-color avia-button avia-button-fullwidth av-lk85a9um-e458ef89a27a0688a69506242562bb93 avia-icon_select-no avia-color-custom'   aria-label=\" &lt;img class=&quot;alignnone size-full wp-image-2099&quot; src=&quot;https:\/\/gmfinc.ca\/wp-content\/uploads\/2023\/07\/arrow-white.png&quot; alt=&quot;&quot; width=&quot;21&quot; height=&quot;18&quot; \/&gt; Request a quote\"><span class='avia_iconbox_title' > <img loading=\"lazy\" decoding=\"async\" class=\"alignnone size-full wp-image-2099\" src=\"https:\/\/gmfinc.ca\/wp-content\/uploads\/2023\/07\/arrow-white.png\" alt=\"\" width=\"21\" height=\"18\" \/> Request a quote<\/span><span class='avia_button_background avia-button avia-button-fullwidth avia-color-light'><\/span><\/a><\/div><\/div>\n<style type=\"text\/css\" data-created_by=\"avia_inline_auto\" id=\"style-css-av-av_one_half-1b460f043c69726f263fe3eed820866d\">\n.flex_column.av-av_one_half-1b460f043c69726f263fe3eed820866d{\nwidth:49%;\nmargin-left:2%;\n}\n<\/style>\n<div  class='flex_column av-av_one_half-1b460f043c69726f263fe3eed820866d av_one_half  avia-builder-el-19  el_after_av_one_half  avia-builder-el-last  av-break-at-tablet flex_column_div av-animated-generic bottom-to-top  '     ><div  class='avia-button-wrap avia-button-center  avia-builder-el-20  avia-builder-el-no-sibling  semi-bold-text pad-fullWidth-btn'>\n<style type=\"text\/css\" data-created_by=\"avia_inline_auto\" id=\"style-css-av-lk85a5oi-195d599a56b643c6b1c7e1ec2e2b3573\">\n#top #wrap_all .avia-button.av-lk85a5oi-195d599a56b643c6b1c7e1ec2e2b3573{\nbackground-color:#022582;\nborder-color:#022582;\ntransition:all 0.4s ease-in-out;\nfont-size:30px;\npadding:8% 0 8% 0;\n}\n#top #wrap_all .avia-button.av-lk85a5oi-195d599a56b643c6b1c7e1ec2e2b3573:hover{\ncolor:white;\nopacity:0.9;\ntransition:all 0.4s ease-in-out;\n}\n#top #wrap_all .avia-button.av-lk85a5oi-195d599a56b643c6b1c7e1ec2e2b3573:hover .avia-svg-icon svg:first-child{\nfill:white;\nstroke:white;\n}\n<\/style>\n<a href='https:\/\/gmfinc.ca\/en\/contact-us\/' class='avia-font-color-theme-color avia-button avia-button-fullwidth av-lk85a5oi-195d599a56b643c6b1c7e1ec2e2b3573 avia-icon_select-no avia-color-custom'   aria-label=\" &lt;img class=&quot;alignnone size-full wp-image-2099&quot; src=&quot;https:\/\/gmfinc.ca\/wp-content\/uploads\/2023\/07\/arrow-white.png&quot; alt=&quot;&quot; width=&quot;21&quot; height=&quot;18&quot; \/&gt; Contact us\"><span class='avia_iconbox_title' > <img loading=\"lazy\" decoding=\"async\" class=\"alignnone size-full wp-image-2099\" src=\"https:\/\/gmfinc.ca\/wp-content\/uploads\/2023\/07\/arrow-white.png\" alt=\"\" width=\"21\" height=\"18\" \/> Contact us<\/span><span class='avia_button_background avia-button avia-button-fullwidth avia-color-light'><\/span><\/a><\/div><\/div>\n<\/div><\/div><\/div><!-- close content main div --><\/div><\/div><div id='after_section_3'  class='main_color av_default_container_wrap container_wrap sidebar_right'  ><div class='container av-section-cont-open' ><div class='template-page content  av-content-small alpha units'><div class='post-entry post-entry-type-page post-entry-2885'><div class='entry-content-wrapper clearfix'>\n","protected":false},"excerpt":{"rendered":"","protected":false},"author":3,"featured_media":0,"parent":0,"menu_order":0,"comment_status":"closed","ping_status":"closed","template":"","meta":{"footnotes":""},"class_list":["post-2885","page","type-page","status-publish","hentry"],"yoast_head":"<!-- This site is optimized with the Yoast SEO plugin v27.3 - https:\/\/yoast.com\/product\/yoast-seo-wordpress\/ -->\n<title>Transport - Gaston mercier &amp; Fils<\/title>\n<meta name=\"robots\" content=\"index, follow, max-snippet:-1, max-image-preview:large, max-video-preview:-1\" \/>\n<link rel=\"canonical\" href=\"https:\/\/gmfinc.ca\/en\/transport\/\" \/>\n<meta property=\"og:locale\" content=\"en_US\" \/>\n<meta property=\"og:type\" content=\"article\" \/>\n<meta property=\"og:title\" content=\"Transport - Gaston mercier &amp; Fils\" \/>\n<meta property=\"og:url\" content=\"https:\/\/gmfinc.ca\/en\/transport\/\" \/>\n<meta property=\"og:site_name\" content=\"Gaston mercier &amp; Fils\" \/>\n<meta property=\"article:modified_time\" content=\"2023-07-18T13:44:28+00:00\" \/>\n<meta property=\"og:image\" content=\"https:\/\/gmfinc.ca\/wp-content\/uploads\/2023\/07\/icone_transport-300x202.png\" \/>\n<meta name=\"twitter:card\" content=\"summary_large_image\" \/>\n<meta name=\"twitter:label1\" content=\"Est. reading time\" \/>\n\t<meta name=\"twitter:data1\" content=\"9 minutes\" \/>\n<script type=\"application\/ld+json\" class=\"yoast-schema-graph\">{\"@context\":\"https:\\\/\\\/schema.org\",\"@graph\":[{\"@type\":\"WebPage\",\"@id\":\"https:\\\/\\\/gmfinc.ca\\\/en\\\/transport\\\/\",\"url\":\"https:\\\/\\\/gmfinc.ca\\\/en\\\/transport\\\/\",\"name\":\"Transport - Gaston mercier &amp; Fils\",\"isPartOf\":{\"@id\":\"https:\\\/\\\/gmfinc.ca\\\/en\\\/#website\"},\"primaryImageOfPage\":{\"@id\":\"https:\\\/\\\/gmfinc.ca\\\/en\\\/transport\\\/#primaryimage\"},\"image\":{\"@id\":\"https:\\\/\\\/gmfinc.ca\\\/en\\\/transport\\\/#primaryimage\"},\"thumbnailUrl\":\"https:\\\/\\\/gmfinc.ca\\\/wp-content\\\/uploads\\\/2023\\\/07\\\/icone_transport-300x202.png\",\"datePublished\":\"2023-07-17T13:16:53+00:00\",\"dateModified\":\"2023-07-18T13:44:28+00:00\",\"breadcrumb\":{\"@id\":\"https:\\\/\\\/gmfinc.ca\\\/en\\\/transport\\\/#breadcrumb\"},\"inLanguage\":\"en-US\",\"potentialAction\":[{\"@type\":\"ReadAction\",\"target\":[\"https:\\\/\\\/gmfinc.ca\\\/en\\\/transport\\\/\"]}]},{\"@type\":\"ImageObject\",\"inLanguage\":\"en-US\",\"@id\":\"https:\\\/\\\/gmfinc.ca\\\/en\\\/transport\\\/#primaryimage\",\"url\":\"https:\\\/\\\/gmfinc.ca\\\/wp-content\\\/uploads\\\/2023\\\/07\\\/icone_transport-300x202.png\",\"contentUrl\":\"https:\\\/\\\/gmfinc.ca\\\/wp-content\\\/uploads\\\/2023\\\/07\\\/icone_transport-300x202.png\"},{\"@type\":\"BreadcrumbList\",\"@id\":\"https:\\\/\\\/gmfinc.ca\\\/en\\\/transport\\\/#breadcrumb\",\"itemListElement\":[{\"@type\":\"ListItem\",\"position\":1,\"name\":\"Accueil\",\"item\":\"https:\\\/\\\/gmfinc.ca\\\/en\\\/home\\\/\"},{\"@type\":\"ListItem\",\"position\":2,\"name\":\"Transport\"}]},{\"@type\":\"WebSite\",\"@id\":\"https:\\\/\\\/gmfinc.ca\\\/en\\\/#website\",\"url\":\"https:\\\/\\\/gmfinc.ca\\\/en\\\/\",\"name\":\"Gaston mercier &amp; Fils\",\"description\":\"\u00c9lectricit\u00e9 | T\u00e9l\u00e9communication | Thermographie | Transport\",\"publisher\":{\"@id\":\"https:\\\/\\\/gmfinc.ca\\\/en\\\/#organization\"},\"potentialAction\":[{\"@type\":\"SearchAction\",\"target\":{\"@type\":\"EntryPoint\",\"urlTemplate\":\"https:\\\/\\\/gmfinc.ca\\\/en\\\/?s={search_term_string}\"},\"query-input\":{\"@type\":\"PropertyValueSpecification\",\"valueRequired\":true,\"valueName\":\"search_term_string\"}}],\"inLanguage\":\"en-US\"},{\"@type\":\"Organization\",\"@id\":\"https:\\\/\\\/gmfinc.ca\\\/en\\\/#organization\",\"name\":\"Gaston mercier &amp; Fils\",\"url\":\"https:\\\/\\\/gmfinc.ca\\\/en\\\/\",\"logo\":{\"@type\":\"ImageObject\",\"inLanguage\":\"en-US\",\"@id\":\"https:\\\/\\\/gmfinc.ca\\\/en\\\/#\\\/schema\\\/logo\\\/image\\\/\",\"url\":\"https:\\\/\\\/gmfinc.ca\\\/wp-content\\\/uploads\\\/2021\\\/11\\\/logoGMF.png\",\"contentUrl\":\"https:\\\/\\\/gmfinc.ca\\\/wp-content\\\/uploads\\\/2021\\\/11\\\/logoGMF.png\",\"width\":600,\"height\":262,\"caption\":\"Gaston mercier &amp; Fils\"},\"image\":{\"@id\":\"https:\\\/\\\/gmfinc.ca\\\/en\\\/#\\\/schema\\\/logo\\\/image\\\/\"}}]}<\/script>\n<!-- \/ Yoast SEO plugin. -->","yoast_head_json":{"title":"Transport - Gaston mercier &amp; Fils","robots":{"index":"index","follow":"follow","max-snippet":"max-snippet:-1","max-image-preview":"max-image-preview:large","max-video-preview":"max-video-preview:-1"},"canonical":"https:\/\/gmfinc.ca\/en\/transport\/","og_locale":"en_US","og_type":"article","og_title":"Transport - Gaston mercier &amp; Fils","og_url":"https:\/\/gmfinc.ca\/en\/transport\/","og_site_name":"Gaston mercier &amp; Fils","article_modified_time":"2023-07-18T13:44:28+00:00","og_image":[{"url":"https:\/\/gmfinc.ca\/wp-content\/uploads\/2023\/07\/icone_transport-300x202.png","type":"","width":"","height":""}],"twitter_card":"summary_large_image","twitter_misc":{"Est. reading time":"9 minutes"},"schema":{"@context":"https:\/\/schema.org","@graph":[{"@type":"WebPage","@id":"https:\/\/gmfinc.ca\/en\/transport\/","url":"https:\/\/gmfinc.ca\/en\/transport\/","name":"Transport - Gaston mercier &amp; Fils","isPartOf":{"@id":"https:\/\/gmfinc.ca\/en\/#website"},"primaryImageOfPage":{"@id":"https:\/\/gmfinc.ca\/en\/transport\/#primaryimage"},"image":{"@id":"https:\/\/gmfinc.ca\/en\/transport\/#primaryimage"},"thumbnailUrl":"https:\/\/gmfinc.ca\/wp-content\/uploads\/2023\/07\/icone_transport-300x202.png","datePublished":"2023-07-17T13:16:53+00:00","dateModified":"2023-07-18T13:44:28+00:00","breadcrumb":{"@id":"https:\/\/gmfinc.ca\/en\/transport\/#breadcrumb"},"inLanguage":"en-US","potentialAction":[{"@type":"ReadAction","target":["https:\/\/gmfinc.ca\/en\/transport\/"]}]},{"@type":"ImageObject","inLanguage":"en-US","@id":"https:\/\/gmfinc.ca\/en\/transport\/#primaryimage","url":"https:\/\/gmfinc.ca\/wp-content\/uploads\/2023\/07\/icone_transport-300x202.png","contentUrl":"https:\/\/gmfinc.ca\/wp-content\/uploads\/2023\/07\/icone_transport-300x202.png"},{"@type":"BreadcrumbList","@id":"https:\/\/gmfinc.ca\/en\/transport\/#breadcrumb","itemListElement":[{"@type":"ListItem","position":1,"name":"Accueil","item":"https:\/\/gmfinc.ca\/en\/home\/"},{"@type":"ListItem","position":2,"name":"Transport"}]},{"@type":"WebSite","@id":"https:\/\/gmfinc.ca\/en\/#website","url":"https:\/\/gmfinc.ca\/en\/","name":"Gaston mercier &amp; Fils","description":"\u00c9lectricit\u00e9 | T\u00e9l\u00e9communication | Thermographie | Transport","publisher":{"@id":"https:\/\/gmfinc.ca\/en\/#organization"},"potentialAction":[{"@type":"SearchAction","target":{"@type":"EntryPoint","urlTemplate":"https:\/\/gmfinc.ca\/en\/?s={search_term_string}"},"query-input":{"@type":"PropertyValueSpecification","valueRequired":true,"valueName":"search_term_string"}}],"inLanguage":"en-US"},{"@type":"Organization","@id":"https:\/\/gmfinc.ca\/en\/#organization","name":"Gaston mercier &amp; Fils","url":"https:\/\/gmfinc.ca\/en\/","logo":{"@type":"ImageObject","inLanguage":"en-US","@id":"https:\/\/gmfinc.ca\/en\/#\/schema\/logo\/image\/","url":"https:\/\/gmfinc.ca\/wp-content\/uploads\/2021\/11\/logoGMF.png","contentUrl":"https:\/\/gmfinc.ca\/wp-content\/uploads\/2021\/11\/logoGMF.png","width":600,"height":262,"caption":"Gaston mercier &amp; Fils"},"image":{"@id":"https:\/\/gmfinc.ca\/en\/#\/schema\/logo\/image\/"}}]}},"_links":{"self":[{"href":"https:\/\/gmfinc.ca\/en\/wp-json\/wp\/v2\/pages\/2885","targetHints":{"allow":["GET"]}}],"collection":[{"href":"https:\/\/gmfinc.ca\/en\/wp-json\/wp\/v2\/pages"}],"about":[{"href":"https:\/\/gmfinc.ca\/en\/wp-json\/wp\/v2\/types\/page"}],"author":[{"embeddable":true,"href":"https:\/\/gmfinc.ca\/en\/wp-json\/wp\/v2\/users\/3"}],"replies":[{"embeddable":true,"href":"https:\/\/gmfinc.ca\/en\/wp-json\/wp\/v2\/comments?post=2885"}],"version-history":[{"count":0,"href":"https:\/\/gmfinc.ca\/en\/wp-json\/wp\/v2\/pages\/2885\/revisions"}],"wp:attachment":[{"href":"https:\/\/gmfinc.ca\/en\/wp-json\/wp\/v2\/media?parent=2885"}],"curies":[{"name":"wp","href":"https:\/\/api.w.org\/{rel}","templated":true}]}}