{"id":2858,"date":"2023-07-17T08:37:39","date_gmt":"2023-07-17T12:37:39","guid":{"rendered":"https:\/\/gmf.appwapp.com\/contact-us\/"},"modified":"2023-07-19T12:13:48","modified_gmt":"2023-07-19T16:13:48","slug":"contact-us","status":"publish","type":"page","link":"https:\/\/gmfinc.ca\/en\/contact-us\/","title":{"rendered":"Contact us"},"content":{"rendered":"<div id='av-layout-grid-1'  class='av-layout-grid-container av-c57plp-5c4724d653e98cc0e43092cc7344c7f9 entry-content-wrapper main_color av-flex-cells av-break-at-tablet  avia-builder-el-0  el_before_av_image  avia-builder-el-first  av-cell-min-height av-cell-min-height-75  container_wrap sidebar_right'   data-av_minimum_height_pc='75'>\n<div class='flex_cell av-b4ljwd-e1fdec6268c0c5a63da8fddbb6e8b50b av-gridrow-cell av_one_half no_margin  avia-builder-el-1  el_before_av_cell_one_half  avia-builder-el-first '  ><div class='flex_cell_inner'><p>\n<style type=\"text\/css\" data-created_by=\"avia_inline_auto\" id=\"style-css-av-lk9x05r3-7b872fa7f99c7f3ce8dbdb54ceab3064\">\n#top .hr.hr-invisible.av-lk9x05r3-7b872fa7f99c7f3ce8dbdb54ceab3064{\nheight:50px;\n}\n<\/style>\n<div  class='hr av-lk9x05r3-7b872fa7f99c7f3ce8dbdb54ceab3064 hr-invisible  avia-builder-el-2  el_before_av_hr  avia-builder-el-first  av-small-hide av-mini-hide'><span class='hr-inner '><span class=\"hr-inner-style\"><\/span><\/span><\/div><br \/>\n\n<style type=\"text\/css\" data-created_by=\"avia_inline_auto\" id=\"style-css-av-lk9x2g2y-280ffd88ff50a885078054a0e6440633\">\n#top .hr.hr-invisible.av-lk9x2g2y-280ffd88ff50a885078054a0e6440633{\nheight:40px;\n}\n<\/style>\n<div  class='hr av-lk9x2g2y-280ffd88ff50a885078054a0e6440633 hr-invisible  avia-builder-el-3  el_after_av_hr  el_before_av_one_full  av-desktop-hide av-medium-hide'><span class='hr-inner '><span class=\"hr-inner-style\"><\/span><\/span><\/div><br \/>\n\n<style type=\"text\/css\" data-created_by=\"avia_inline_auto\" id=\"style-css-av-lk1oqizp-4396dea32754561be069386f04faa0b2\">\n#top .flex_column.av-lk1oqizp-4396dea32754561be069386f04faa0b2{\nmargin-top:0px;\nmargin-bottom:0px;\n}\n.flex_column.av-lk1oqizp-4396dea32754561be069386f04faa0b2{\nborder-width:1px;\nborder-color:#020f28;\nborder-style:hidden;\nborder-radius:0 0 30px 0;\npadding:5% 5% 5% 5%;\nheight:auto;\nmin-height:800px;\nbackground:url(https:\/\/gmfinc.ca\/wp-content\/uploads\/2023\/07\/logo-GMF-blanc-avec-padding.png) 100% 100% no-repeat scroll #020f28;\n}\n.responsive #top #wrap_all .flex_column.av-lk1oqizp-4396dea32754561be069386f04faa0b2{\nmargin-top:0px;\nmargin-bottom:0px;\n}\n\n@media only screen and (min-width: 480px) and (max-width: 767px){ \n#top .flex_column.av-lk1oqizp-4396dea32754561be069386f04faa0b2{\nmargin-top:-50px;\n}\n.responsive #top #wrap_all .flex_column.av-lk1oqizp-4396dea32754561be069386f04faa0b2{\nmargin-top:-50px;\n}\n}\n\n@media only screen and (max-width: 479px){ \n#top .flex_column.av-lk1oqizp-4396dea32754561be069386f04faa0b2{\nmargin-top:-50px;\n}\n.responsive #top #wrap_all .flex_column.av-lk1oqizp-4396dea32754561be069386f04faa0b2{\nmargin-top:-50px;\n}\n}\n<\/style>\n<div  class='flex_column av-lk1oqizp-4396dea32754561be069386f04faa0b2 av_one_full  avia-builder-el-4  el_after_av_hr  avia-builder-el-last  first flex_column_div avia-full-contain  '     ><p>\n<style type=\"text\/css\" data-created_by=\"avia_inline_auto\" id=\"style-css-av-97erot-629fa6657d4cefaa4cabd9c0894a1640\">\n#top .av-special-heading.av-97erot-629fa6657d4cefaa4cabd9c0894a1640{\npadding-bottom:0;\ncolor:#ffffff;\n}\nbody .av-special-heading.av-97erot-629fa6657d4cefaa4cabd9c0894a1640 .av-special-heading-tag .heading-char{\nfont-size:25px;\n}\n#top #wrap_all .av-special-heading.av-97erot-629fa6657d4cefaa4cabd9c0894a1640 .av-special-heading-tag{\npadding:25px 0 0 0;\n}\n.av-special-heading.av-97erot-629fa6657d4cefaa4cabd9c0894a1640 .special-heading-inner-border{\nborder-color:#ffffff;\n}\n.av-special-heading.av-97erot-629fa6657d4cefaa4cabd9c0894a1640 .av-subheading{\nfont-size:15px;\n}\n<\/style>\n<div  id=\"title-page\"  class='av-special-heading av-97erot-629fa6657d4cefaa4cabd9c0894a1640 av-special-heading-h1 custom-color-heading blockquote modern-quote  avia-builder-el-5  el_before_av_hr  avia-builder-el-first '><h1 class='av-special-heading-tag '  itemprop=\"headline\"  >Contact us<\/h1><div class=\"special-heading-border\"><div class=\"special-heading-inner-border\"><\/div><\/div><\/div><br \/>\n\n<style type=\"text\/css\" data-created_by=\"avia_inline_auto\" id=\"style-css-av-807k19-9e292d6eb33119ec2aad5027dac77312\">\n#top .hr.av-807k19-9e292d6eb33119ec2aad5027dac77312{\nmargin-top:10px;\nmargin-bottom:30px;\n}\n.hr.av-807k19-9e292d6eb33119ec2aad5027dac77312 .hr-inner{\nwidth:75%;\nborder-color:#00907f;\n}\n<\/style>\n<div  class='hr av-807k19-9e292d6eb33119ec2aad5027dac77312 hr-custom  avia-builder-el-6  el_after_av_heading  el_before_av_textblock  hr-left hr-icon-no'><span class='hr-inner inner-border-av-border-fat'><span class=\"hr-inner-style\"><\/span><\/span><\/div><br \/>\n\n<style type=\"text\/css\" data-created_by=\"avia_inline_auto\" id=\"style-css-av-lk1os8v7-2a11f40c6f1dd81b5689919993080826\">\n#top .av_textblock_section.av-lk1os8v7-2a11f40c6f1dd81b5689919993080826 .avia_textblock{\ncolor:#ffffff;\n}\n<\/style>\n<section  class='av_textblock_section av-lk1os8v7-2a11f40c6f1dd81b5689919993080826 '   itemscope=\"itemscope\" itemtype=\"https:\/\/schema.org\/CreativeWork\" ><div class='avia_textblock av_inherit_color'  itemprop=\"text\" ><p><span style=\"font-weight: 400;\">Projects? Works? Repairs? We TAKE CARE of it!<\/span><\/p>\n<p><span style=\"font-weight: 400;\">Call us or request a quote.<\/span><br class=\"avia-permanent-lb\" \/><br class=\"avia-permanent-lb\" \/><br class=\"avia-permanent-lb\" \/><br class=\"avia-permanent-lb\" \/>Montreal: (514) 255-2615<\/p>\n<p>Brossard: (450) 679-9555<\/p>\n<p><a href=\"ma&#105;&#108;&#116;&#111;&#x3a;&#x67;&#x6d;&#x66;&#x40;gm&#102;&#105;&#110;&#99;&#x2e;&#x63;&#x61;\">&#103;m&#x66;&#64;&#x67;&#109;&#x66;&#105;&#x6e;&#99;&#46;&#x63;a<\/a><\/p>\n<div id=\"u29\" class=\"ax_default paragraph\">\n<div id=\"u29_text\" class=\"text \">\n<p>3705 Isabelle Street, Brossard, QC J4Y 2R2<\/p>\n<\/div>\n<\/div>\n<\/div><\/section><\/p><\/div><\/p>\n<\/div><\/div><div class='flex_cell av-60v6m5-fee1997715a596426e58b149c6a1eace av-gridrow-cell av_one_half no_margin  avia-builder-el-8  el_after_av_cell_one_half  avia-builder-el-last '  ><div class='flex_cell_inner'><p>\n<style type=\"text\/css\" data-created_by=\"avia_inline_auto\" id=\"style-css-av-lk9x70pm-9fa37a1dcec0d46e4dbf11b1ceec679d\">\n#top .hr.hr-invisible.av-lk9x70pm-9fa37a1dcec0d46e4dbf11b1ceec679d{\nheight:50px;\n}\n<\/style>\n<div  class='hr av-lk9x70pm-9fa37a1dcec0d46e4dbf11b1ceec679d hr-invisible  avia-builder-el-9  el_before_av_hr  avia-builder-el-first  av-medium-hide av-small-hide av-mini-hide'><span class='hr-inner '><span class=\"hr-inner-style\"><\/span><\/span><\/div><br \/>\n\n<style type=\"text\/css\" data-created_by=\"avia_inline_auto\" id=\"style-css-av-2bbfwt-ad3265f0fa89e3db36a59385a175d518\">\n#top .hr.hr-invisible.av-2bbfwt-ad3265f0fa89e3db36a59385a175d518{\nheight:20px;\n}\n<\/style>\n<div  class='hr av-2bbfwt-ad3265f0fa89e3db36a59385a175d518 hr-invisible  avia-builder-el-10  el_after_av_hr  el_before_av_heading '><span class='hr-inner '><span class=\"hr-inner-style\"><\/span><\/span><\/div><br \/>\n\n<style type=\"text\/css\" data-created_by=\"avia_inline_auto\" id=\"style-css-av-lk1oszwj-44cb6f5c2459a69d0ec2a43270b06c85\">\n#top .av-special-heading.av-lk1oszwj-44cb6f5c2459a69d0ec2a43270b06c85{\npadding-bottom:0;\ncolor:#020f28;\nfont-size:50px;\n}\nbody .av-special-heading.av-lk1oszwj-44cb6f5c2459a69d0ec2a43270b06c85 .av-special-heading-tag .heading-char{\nfont-size:25px;\n}\n#top #wrap_all .av-special-heading.av-lk1oszwj-44cb6f5c2459a69d0ec2a43270b06c85 .av-special-heading-tag{\nfont-size:50px;\npadding:0 0 45px 0;\n}\n.av-special-heading.av-lk1oszwj-44cb6f5c2459a69d0ec2a43270b06c85 .special-heading-inner-border{\nborder-color:#020f28;\n}\n.av-special-heading.av-lk1oszwj-44cb6f5c2459a69d0ec2a43270b06c85 .av-subheading{\nfont-size:15px;\n}\n\n@media only screen and (min-width: 480px) and (max-width: 767px){ \n#top #wrap_all .av-special-heading.av-lk1oszwj-44cb6f5c2459a69d0ec2a43270b06c85 .av-special-heading-tag{\nfont-size:34px;\n}\n}\n\n@media only screen and (max-width: 479px){ \n#top #wrap_all .av-special-heading.av-lk1oszwj-44cb6f5c2459a69d0ec2a43270b06c85 .av-special-heading-tag{\nfont-size:34px;\n}\n}\n<\/style>\n<div  id=\"title-page\"  class='av-special-heading av-lk1oszwj-44cb6f5c2459a69d0ec2a43270b06c85 av-special-heading-h2 custom-color-heading blockquote modern-quote  avia-builder-el-11  el_after_av_hr  el_before_av_one_full  contact-us-title av-inherit-size'><h2 class='av-special-heading-tag '  itemprop=\"headline\"  >Contact<\/h2><div class=\"special-heading-border\"><div class=\"special-heading-inner-border\"><\/div><\/div><\/div><br \/>\n\n<style type=\"text\/css\" data-created_by=\"avia_inline_auto\" id=\"style-css-av-lk1ozue5-898058632f1f0dc6fa71f0629c3df496\">\n@keyframes av_boxShadowEffect_av-lk1ozue5-898058632f1f0dc6fa71f0629c3df496-column {\n0%   { box-shadow:  0 0 0 0 rgba(0,0,0,0.48); opacity: 1; }\n100% { box-shadow:  0 0 10px 0 rgba(0,0,0,0.48); opacity: 1; }\n}\n.flex_column.av-lk1ozue5-898058632f1f0dc6fa71f0629c3df496{\nbox-shadow: 0 0 10px 0 rgba(0,0,0,0.48);\npadding:5% 5% 5% 5%;\nbackground-color:#026a5d;\n}\n<\/style>\n<div  class='flex_column av-lk1ozue5-898058632f1f0dc6fa71f0629c3df496 av_one_full  avia-builder-el-12  el_after_av_heading  el_before_av_hr  first flex_column_div av-animated-generic bottom-to-top shadow-not-animated avia-link-column av-column-link  '    data-link-column-url=\"tel:%205142552615\"   ><a class=\"av-screen-reader-only\" href=tel:%205142552615 >Follow a manual added link<\/a><style type=\"text\/css\" data-created_by=\"avia_inline_auto\" id=\"style-css-av-lk2pj2xk-8f6c4cd1f770d03565b99e1c727d9d89\">\n#top .av_textblock_section.av-lk2pj2xk-8f6c4cd1f770d03565b99e1c727d9d89 .avia_textblock{\ncolor:#ffffff;\n}\n<\/style>\n<section  class='av_textblock_section av-lk2pj2xk-8f6c4cd1f770d03565b99e1c727d9d89 '   itemscope=\"itemscope\" itemtype=\"https:\/\/schema.org\/CreativeWork\" ><div class='avia_textblock btn-call-join-us av_inherit_color'  itemprop=\"text\" ><h3><img loading=\"lazy\" decoding=\"async\" class=\"size-full wp-image-2770 alignleft\" src=\"https:\/\/gmfinc.ca\/wp-content\/uploads\/2023\/07\/Phonne-84px.png\" sizes=\"auto, (max-width: 84px) 100vw, 84px\" srcset=\"https:\/\/gmfinc.ca\/wp-content\/uploads\/2023\/07\/Phonne-84px.png 84w, https:\/\/gmfinc.ca\/wp-content\/uploads\/2023\/07\/Phonne-84px-80x80.png 80w, https:\/\/gmfinc.ca\/wp-content\/uploads\/2023\/07\/Phonne-84px-36x36.png 36w\" alt=\"\" width=\"84\" height=\"84\" \/><\/h3>\n<h3>24\/24 \u2013 7 days a week<br \/>\nEmergency hotline<br \/>\n<strong>(514) 255-2615<\/strong><\/h3>\n<\/div><\/section><\/div>\n<style type=\"text\/css\" data-created_by=\"avia_inline_auto\" id=\"style-css-av-lk1p8p22-174c2a39add0f99293dbaaf402345ea8\">\n#top .hr.hr-invisible.av-lk1p8p22-174c2a39add0f99293dbaaf402345ea8{\nheight:20px;\n}\n<\/style>\n<div  class='hr av-lk1p8p22-174c2a39add0f99293dbaaf402345ea8 hr-invisible  avia-builder-el-14  el_after_av_one_full  el_before_av_one_full '><span class='hr-inner '><span class=\"hr-inner-style\"><\/span><\/span><\/div><br \/>\n\n<style type=\"text\/css\" data-created_by=\"avia_inline_auto\" id=\"style-css-av-1ya9h9-b565733d8b9790d0e612baff5f43c532\">\n.flex_column.av-1ya9h9-b565733d8b9790d0e612baff5f43c532{\nwidth:100%;\n}\n<\/style>\n<div  class='flex_column av-1ya9h9-b565733d8b9790d0e612baff5f43c532 av_one_full  avia-builder-el-15  el_after_av_hr  avia-builder-el-last  first av-break-at-tablet flex_column_div av-animated-generic bottom-to-top  '     ><div  class='avia-button-wrap avia-button-center  avia-builder-el-16  avia-builder-el-no-sibling  semi-bold-text pad-fullWidth-btn'>\n<style type=\"text\/css\" data-created_by=\"avia_inline_auto\" id=\"style-css-av-2xmzdp-14df45101ce4f30eec71779e7f0e9d57\">\n#top #wrap_all .avia-button.av-2xmzdp-14df45101ce4f30eec71779e7f0e9d57{\nbackground-color: #022582;\nborder-color: #022582;\ntransition:all 0.4s ease-in-out;\nfont-size:30px;\npadding:8% 0 8% 0;\n}\n#top #wrap_all .avia-button.av-2xmzdp-14df45101ce4f30eec71779e7f0e9d57:hover{\ncolor:white;\ntransition:all 0.4s ease-in-out;\n}\n#top #wrap_all .avia-button.av-2xmzdp-14df45101ce4f30eec71779e7f0e9d57:hover .avia-svg-icon svg:first-child{\nfill:white;\nstroke:white;\n}\n<\/style>\n<a href='https:\/\/gmfinc.ca\/en\/request-a-quote\/' class='avia-font-color-theme-color avia-button avia-button-fullwidth av-2xmzdp-14df45101ce4f30eec71779e7f0e9d57 avia-icon_select-no avia-color-custom'   aria-label=\" &lt;img class=&quot;alignnone size-full wp-image-2099&quot; src=&quot;https:\/\/gmfinc.ca\/wp-content\/uploads\/2023\/07\/arrow-white.png&quot; alt=&quot;&quot; width=&quot;21&quot; height=&quot;18&quot; \/&gt; Request a quote\"><span class='avia_iconbox_title' > <img loading=\"lazy\" decoding=\"async\" class=\"alignnone size-full wp-image-2099\" src=\"https:\/\/gmfinc.ca\/wp-content\/uploads\/2023\/07\/arrow-white.png\" alt=\"\" width=\"21\" height=\"18\" \/> Request a quote<\/span><span class='avia_button_background avia-button avia-button-fullwidth avia-color-light'><\/span><\/a><\/div><\/div><\/p>\n<\/div><\/div><\/div><div id='after_grid_row_1'  class='main_color av_default_container_wrap container_wrap sidebar_right'  ><div class='container av-section-cont-open' ><div class='template-page content  av-content-small alpha units'><div class='post-entry post-entry-type-page post-entry-2858'><div class='entry-content-wrapper clearfix'>\n<style type=\"text\/css\" data-created_by=\"avia_inline_auto\" id=\"style-css-av-lk1p1t1e-e5d014c543e658f865af0d3526503f31\">\n.avia-image-container.av-lk1p1t1e-e5d014c543e658f865af0d3526503f31 img.avia_image{\nbox-shadow:none;\n}\n.avia-image-container.av-lk1p1t1e-e5d014c543e658f865af0d3526503f31 .av-image-caption-overlay-center{\ncolor:#ffffff;\n}\n<\/style>\n<div  class='avia-image-container av-lk1p1t1e-e5d014c543e658f865af0d3526503f31 av-styling-no-styling avia-align-center  avia-builder-el-17  el_after_av_layout_row  el_before_av_hr  avia-builder-el-first '   itemprop=\"image\" itemscope=\"itemscope\" itemtype=\"https:\/\/schema.org\/ImageObject\" ><div class=\"avia-image-container-inner\"><div class=\"avia-image-overlay-wrap\"><img decoding=\"async\" fetchpriority=\"high\" class='wp-image-2683 avia-img-lazy-loading-not-2683 avia_image ' src=\"https:\/\/gmfinc.ca\/wp-content\/uploads\/2023\/07\/Nous-joindre-camion-GMF.jpg\" alt='' title='Nous joindre - camion GMF'  height=\"1000\" width=\"2000\"  itemprop=\"thumbnailUrl\" srcset=\"https:\/\/gmfinc.ca\/wp-content\/uploads\/2023\/07\/Nous-joindre-camion-GMF.jpg 2000w, https:\/\/gmfinc.ca\/wp-content\/uploads\/2023\/07\/Nous-joindre-camion-GMF-300x150.jpg 300w, https:\/\/gmfinc.ca\/wp-content\/uploads\/2023\/07\/Nous-joindre-camion-GMF-1030x515.jpg 1030w, https:\/\/gmfinc.ca\/wp-content\/uploads\/2023\/07\/Nous-joindre-camion-GMF-768x384.jpg 768w, https:\/\/gmfinc.ca\/wp-content\/uploads\/2023\/07\/Nous-joindre-camion-GMF-1536x768.jpg 1536w, https:\/\/gmfinc.ca\/wp-content\/uploads\/2023\/07\/Nous-joindre-camion-GMF-1500x750.jpg 1500w, https:\/\/gmfinc.ca\/wp-content\/uploads\/2023\/07\/Nous-joindre-camion-GMF-705x353.jpg 705w\" sizes=\"(max-width: 2000px) 100vw, 2000px\" \/><\/div><\/div><\/div><\/p>\n\n<style type=\"text\/css\" data-created_by=\"avia_inline_auto\" id=\"style-css-av-lk1pcpen-349d48f425b8661e9b192802e94ebb02\">\n#top .hr.hr-invisible.av-lk1pcpen-349d48f425b8661e9b192802e94ebb02{\nheight:30px;\n}\n<\/style>\n<div  class='hr av-lk1pcpen-349d48f425b8661e9b192802e94ebb02 hr-invisible  avia-builder-el-18  el_after_av_image  el_before_av_image '><span class='hr-inner '><span class=\"hr-inner-style\"><\/span><\/span><\/div>\n\n<style type=\"text\/css\" data-created_by=\"avia_inline_auto\" id=\"style-css-av-lk1p2sb8-3aa169b973fb146f7b62372528cb9e5c\">\n.avia-image-container.av-lk1p2sb8-3aa169b973fb146f7b62372528cb9e5c img.avia_image{\nbox-shadow:none;\n}\n.avia-image-container.av-lk1p2sb8-3aa169b973fb146f7b62372528cb9e5c .av-image-caption-overlay-center{\ncolor:#ffffff;\n}\n<\/style>\n<div  class='avia-image-container av-lk1p2sb8-3aa169b973fb146f7b62372528cb9e5c av-styling-no-styling av-img-linked avia_animated_image av-animated-when-visible-95 fade-in avia-align-center  avia-builder-el-19  el_after_av_hr  avia-builder-el-last '   itemprop=\"image\" itemscope=\"itemscope\" itemtype=\"https:\/\/schema.org\/ImageObject\" ><div class=\"avia-image-container-inner\"><div class=\"avia-image-overlay-wrap\"><a href=\"https:\/\/www.google.ca\/maps\/place\/3705+Rue+Isabelle,+Brossard,+QC+J4Y+2R2\/@45.4274409,-73.4717082,15z\/data=!4m6!3m5!1s0x4cc90f1f34d7b63b:0x956e8fcdf500b58!8m2!3d45.4276894!4d-73.4645521!16s%2Fg%2F11bw4nszkv?entry=ttu\" class='avia_image '  target=\"_blank\"  rel=\"noopener noreferrer\" aria-label='Carte GMF'><img decoding=\"async\" fetchpriority=\"high\" class='wp-image-2685 avia-img-lazy-loading-not-2685 avia_image ' src=\"https:\/\/gmfinc.ca\/wp-content\/uploads\/2023\/07\/Carte-GMF.jpg\" alt='' title='Carte GMF'  height=\"796\" width=\"1822\"  itemprop=\"thumbnailUrl\" srcset=\"https:\/\/gmfinc.ca\/wp-content\/uploads\/2023\/07\/Carte-GMF.jpg 1822w, https:\/\/gmfinc.ca\/wp-content\/uploads\/2023\/07\/Carte-GMF-300x131.jpg 300w, https:\/\/gmfinc.ca\/wp-content\/uploads\/2023\/07\/Carte-GMF-1030x450.jpg 1030w, https:\/\/gmfinc.ca\/wp-content\/uploads\/2023\/07\/Carte-GMF-768x336.jpg 768w, https:\/\/gmfinc.ca\/wp-content\/uploads\/2023\/07\/Carte-GMF-1536x671.jpg 1536w, https:\/\/gmfinc.ca\/wp-content\/uploads\/2023\/07\/Carte-GMF-1500x655.jpg 1500w, https:\/\/gmfinc.ca\/wp-content\/uploads\/2023\/07\/Carte-GMF-705x308.jpg 705w\" sizes=\"(max-width: 1822px) 100vw, 1822px\" \/><\/a><\/div><\/div><\/div>\n","protected":false},"excerpt":{"rendered":"","protected":false},"author":3,"featured_media":0,"parent":0,"menu_order":0,"comment_status":"closed","ping_status":"closed","template":"","meta":{"footnotes":""},"class_list":["post-2858","page","type-page","status-publish","hentry"],"yoast_head":"<!-- This site is optimized with the Yoast SEO plugin v27.4 - https:\/\/yoast.com\/product\/yoast-seo-wordpress\/ -->\n<title>Contact us - Gaston mercier &amp; Fils<\/title>\n<meta name=\"robots\" content=\"index, follow, max-snippet:-1, max-image-preview:large, max-video-preview:-1\" \/>\n<link rel=\"canonical\" href=\"https:\/\/gmfinc.ca\/en\/contact-us\/\" \/>\n<meta property=\"og:locale\" content=\"en_US\" \/>\n<meta property=\"og:type\" content=\"article\" \/>\n<meta property=\"og:title\" content=\"Contact us - Gaston mercier &amp; Fils\" \/>\n<meta property=\"og:url\" content=\"https:\/\/gmfinc.ca\/en\/contact-us\/\" \/>\n<meta property=\"og:site_name\" content=\"Gaston mercier &amp; Fils\" \/>\n<meta property=\"article:modified_time\" content=\"2023-07-19T16:13:48+00:00\" \/>\n<meta property=\"og:image\" content=\"https:\/\/gmfinc.ca\/wp-content\/uploads\/2023\/07\/Phonne-84px.png\" \/>\n<meta name=\"twitter:card\" content=\"summary_large_image\" \/>\n<meta name=\"twitter:label1\" content=\"Est. reading time\" \/>\n\t<meta name=\"twitter:data1\" content=\"7 minutes\" \/>\n<script type=\"application\/ld+json\" class=\"yoast-schema-graph\">{\"@context\":\"https:\\\/\\\/schema.org\",\"@graph\":[{\"@type\":\"WebPage\",\"@id\":\"https:\\\/\\\/gmfinc.ca\\\/en\\\/contact-us\\\/\",\"url\":\"https:\\\/\\\/gmfinc.ca\\\/en\\\/contact-us\\\/\",\"name\":\"Contact us - Gaston mercier &amp; Fils\",\"isPartOf\":{\"@id\":\"https:\\\/\\\/gmfinc.ca\\\/en\\\/#website\"},\"primaryImageOfPage\":{\"@id\":\"https:\\\/\\\/gmfinc.ca\\\/en\\\/contact-us\\\/#primaryimage\"},\"image\":{\"@id\":\"https:\\\/\\\/gmfinc.ca\\\/en\\\/contact-us\\\/#primaryimage\"},\"thumbnailUrl\":\"https:\\\/\\\/gmfinc.ca\\\/wp-content\\\/uploads\\\/2023\\\/07\\\/Phonne-84px.png\",\"datePublished\":\"2023-07-17T12:37:39+00:00\",\"dateModified\":\"2023-07-19T16:13:48+00:00\",\"breadcrumb\":{\"@id\":\"https:\\\/\\\/gmfinc.ca\\\/en\\\/contact-us\\\/#breadcrumb\"},\"inLanguage\":\"en-US\",\"potentialAction\":[{\"@type\":\"ReadAction\",\"target\":[\"https:\\\/\\\/gmfinc.ca\\\/en\\\/contact-us\\\/\"]}]},{\"@type\":\"ImageObject\",\"inLanguage\":\"en-US\",\"@id\":\"https:\\\/\\\/gmfinc.ca\\\/en\\\/contact-us\\\/#primaryimage\",\"url\":\"https:\\\/\\\/gmfinc.ca\\\/wp-content\\\/uploads\\\/2023\\\/07\\\/Phonne-84px.png\",\"contentUrl\":\"https:\\\/\\\/gmfinc.ca\\\/wp-content\\\/uploads\\\/2023\\\/07\\\/Phonne-84px.png\"},{\"@type\":\"BreadcrumbList\",\"@id\":\"https:\\\/\\\/gmfinc.ca\\\/en\\\/contact-us\\\/#breadcrumb\",\"itemListElement\":[{\"@type\":\"ListItem\",\"position\":1,\"name\":\"Accueil\",\"item\":\"https:\\\/\\\/gmfinc.ca\\\/en\\\/home\\\/\"},{\"@type\":\"ListItem\",\"position\":2,\"name\":\"Contact us\"}]},{\"@type\":\"WebSite\",\"@id\":\"https:\\\/\\\/gmfinc.ca\\\/en\\\/#website\",\"url\":\"https:\\\/\\\/gmfinc.ca\\\/en\\\/\",\"name\":\"Gaston mercier &amp; Fils\",\"description\":\"\u00c9lectricit\u00e9 | T\u00e9l\u00e9communication | Thermographie | Transport\",\"publisher\":{\"@id\":\"https:\\\/\\\/gmfinc.ca\\\/en\\\/#organization\"},\"potentialAction\":[{\"@type\":\"SearchAction\",\"target\":{\"@type\":\"EntryPoint\",\"urlTemplate\":\"https:\\\/\\\/gmfinc.ca\\\/en\\\/?s={search_term_string}\"},\"query-input\":{\"@type\":\"PropertyValueSpecification\",\"valueRequired\":true,\"valueName\":\"search_term_string\"}}],\"inLanguage\":\"en-US\"},{\"@type\":\"Organization\",\"@id\":\"https:\\\/\\\/gmfinc.ca\\\/en\\\/#organization\",\"name\":\"Gaston mercier &amp; Fils\",\"url\":\"https:\\\/\\\/gmfinc.ca\\\/en\\\/\",\"logo\":{\"@type\":\"ImageObject\",\"inLanguage\":\"en-US\",\"@id\":\"https:\\\/\\\/gmfinc.ca\\\/en\\\/#\\\/schema\\\/logo\\\/image\\\/\",\"url\":\"https:\\\/\\\/gmfinc.ca\\\/wp-content\\\/uploads\\\/2021\\\/11\\\/logoGMF.png\",\"contentUrl\":\"https:\\\/\\\/gmfinc.ca\\\/wp-content\\\/uploads\\\/2021\\\/11\\\/logoGMF.png\",\"width\":600,\"height\":262,\"caption\":\"Gaston mercier &amp; Fils\"},\"image\":{\"@id\":\"https:\\\/\\\/gmfinc.ca\\\/en\\\/#\\\/schema\\\/logo\\\/image\\\/\"}}]}<\/script>\n<!-- \/ Yoast SEO plugin. -->","yoast_head_json":{"title":"Contact us - Gaston mercier &amp; Fils","robots":{"index":"index","follow":"follow","max-snippet":"max-snippet:-1","max-image-preview":"max-image-preview:large","max-video-preview":"max-video-preview:-1"},"canonical":"https:\/\/gmfinc.ca\/en\/contact-us\/","og_locale":"en_US","og_type":"article","og_title":"Contact us - Gaston mercier &amp; Fils","og_url":"https:\/\/gmfinc.ca\/en\/contact-us\/","og_site_name":"Gaston mercier &amp; Fils","article_modified_time":"2023-07-19T16:13:48+00:00","og_image":[{"url":"https:\/\/gmfinc.ca\/wp-content\/uploads\/2023\/07\/Phonne-84px.png","type":"","width":"","height":""}],"twitter_card":"summary_large_image","twitter_misc":{"Est. reading time":"7 minutes"},"schema":{"@context":"https:\/\/schema.org","@graph":[{"@type":"WebPage","@id":"https:\/\/gmfinc.ca\/en\/contact-us\/","url":"https:\/\/gmfinc.ca\/en\/contact-us\/","name":"Contact us - Gaston mercier &amp; Fils","isPartOf":{"@id":"https:\/\/gmfinc.ca\/en\/#website"},"primaryImageOfPage":{"@id":"https:\/\/gmfinc.ca\/en\/contact-us\/#primaryimage"},"image":{"@id":"https:\/\/gmfinc.ca\/en\/contact-us\/#primaryimage"},"thumbnailUrl":"https:\/\/gmfinc.ca\/wp-content\/uploads\/2023\/07\/Phonne-84px.png","datePublished":"2023-07-17T12:37:39+00:00","dateModified":"2023-07-19T16:13:48+00:00","breadcrumb":{"@id":"https:\/\/gmfinc.ca\/en\/contact-us\/#breadcrumb"},"inLanguage":"en-US","potentialAction":[{"@type":"ReadAction","target":["https:\/\/gmfinc.ca\/en\/contact-us\/"]}]},{"@type":"ImageObject","inLanguage":"en-US","@id":"https:\/\/gmfinc.ca\/en\/contact-us\/#primaryimage","url":"https:\/\/gmfinc.ca\/wp-content\/uploads\/2023\/07\/Phonne-84px.png","contentUrl":"https:\/\/gmfinc.ca\/wp-content\/uploads\/2023\/07\/Phonne-84px.png"},{"@type":"BreadcrumbList","@id":"https:\/\/gmfinc.ca\/en\/contact-us\/#breadcrumb","itemListElement":[{"@type":"ListItem","position":1,"name":"Accueil","item":"https:\/\/gmfinc.ca\/en\/home\/"},{"@type":"ListItem","position":2,"name":"Contact us"}]},{"@type":"WebSite","@id":"https:\/\/gmfinc.ca\/en\/#website","url":"https:\/\/gmfinc.ca\/en\/","name":"Gaston mercier &amp; Fils","description":"\u00c9lectricit\u00e9 | T\u00e9l\u00e9communication | Thermographie | Transport","publisher":{"@id":"https:\/\/gmfinc.ca\/en\/#organization"},"potentialAction":[{"@type":"SearchAction","target":{"@type":"EntryPoint","urlTemplate":"https:\/\/gmfinc.ca\/en\/?s={search_term_string}"},"query-input":{"@type":"PropertyValueSpecification","valueRequired":true,"valueName":"search_term_string"}}],"inLanguage":"en-US"},{"@type":"Organization","@id":"https:\/\/gmfinc.ca\/en\/#organization","name":"Gaston mercier &amp; Fils","url":"https:\/\/gmfinc.ca\/en\/","logo":{"@type":"ImageObject","inLanguage":"en-US","@id":"https:\/\/gmfinc.ca\/en\/#\/schema\/logo\/image\/","url":"https:\/\/gmfinc.ca\/wp-content\/uploads\/2021\/11\/logoGMF.png","contentUrl":"https:\/\/gmfinc.ca\/wp-content\/uploads\/2021\/11\/logoGMF.png","width":600,"height":262,"caption":"Gaston mercier &amp; Fils"},"image":{"@id":"https:\/\/gmfinc.ca\/en\/#\/schema\/logo\/image\/"}}]}},"_links":{"self":[{"href":"https:\/\/gmfinc.ca\/en\/wp-json\/wp\/v2\/pages\/2858","targetHints":{"allow":["GET"]}}],"collection":[{"href":"https:\/\/gmfinc.ca\/en\/wp-json\/wp\/v2\/pages"}],"about":[{"href":"https:\/\/gmfinc.ca\/en\/wp-json\/wp\/v2\/types\/page"}],"author":[{"embeddable":true,"href":"https:\/\/gmfinc.ca\/en\/wp-json\/wp\/v2\/users\/3"}],"replies":[{"embeddable":true,"href":"https:\/\/gmfinc.ca\/en\/wp-json\/wp\/v2\/comments?post=2858"}],"version-history":[{"count":0,"href":"https:\/\/gmfinc.ca\/en\/wp-json\/wp\/v2\/pages\/2858\/revisions"}],"wp:attachment":[{"href":"https:\/\/gmfinc.ca\/en\/wp-json\/wp\/v2\/media?parent=2858"}],"curies":[{"name":"wp","href":"https:\/\/api.w.org\/{rel}","templated":true}]}}